{"id":1220,"date":"2021-07-18T12:17:36","date_gmt":"2021-07-18T15:17:36","guid":{"rendered":"https:\/\/lynncarone.com\/home\/?page_id=1220"},"modified":"2021-08-12T15:46:47","modified_gmt":"2021-08-12T18:46:47","slug":"exposicoes-virtuais","status":"publish","type":"page","link":"https:\/\/lynncarone.com\/home\/exposicoes-virtuais\/","title":{"rendered":"Exposi\u00e7\u00f5es Virtuais"},"content":{"rendered":"\n<p><strong>White Page Gallery<\/strong><\/p>\n\n\n\n<p>O projeto \u201cWhite page Gallery\u201d foi concebido pela equipe do MediaLab da Universidade de Bras\u00edlia, Unb, coordenado por Lynn Carone, Artur Cabral e Joenio Costa e aconteceu dentro da exposi\u00e7\u00e3o Internacional Emmeio#1, <a href=\"https:\/\/emmeio13.medialab.unb.br\/\">https:\/\/emmeio13.medialab.unb.br\/<\/a>, provavelmente a \u00faltima vers\u00e3o Online do evento. \u00c9 um projeto de galeria online, inspirado na proposta da Whitepagegallery (http:\/\/www.whitepagegallery.network\/\u00a0 ) idealizada em 2019, com o prop\u00f3sito de descentralizar e democratizar a arte e portanto, abrir espa\u00e7os expositivos para quaisquer artistas que queiram e compartilhem desta filosofia e que acreditem na import\u00e2ncia da arte como um caminho de constru\u00e7\u00e3o dos indiv\u00edduos e sociedade\u00a0 para al\u00e9m das regras impostas pelo mercado e institui\u00e7\u00f5es da arte. Portanto, tal como a White Page Gallery, o enfoque est\u00e1 no valor social da curadoria art\u00edstica baseada em valores como solidariedade, hospitalidade, inclus\u00e3o, altru\u00edsmo e apoio m\u00fatuo. Para tal, pressup\u00f5e-se a aus\u00eancia de hierarquias e vaidade.\u00a0 Todos os que fizerem parte do projeto t\u00eam a capacidade de tomada de decis\u00e3o total e independente no que diz respeito aos m\u00e9todos e projetos art\u00edsticos que optarem para expor neste espa\u00e7o online.<\/p>\n\n\n\n<ul><li>2021 \u2014 White Page Gallery (<a href=\"https:\/\/emmeio13.medialab.unb.br\/wpg\" data-type=\"URL\" data-id=\"https:\/\/emmeio13.medialab.unb.br\/wpg\">Acessar<\/a>)<\/li><\/ul>\n\n\n\n<p><strong><strong>Web Exposi\u00e7\u00f5es coordenadas como professora substituta o Instituto de Artes da Universidade de Bras\u00edlia<\/strong><\/strong><\/p>\n\n\n\n<p>No primeiro semestre de 2020 as\u00a0 Web-esposi\u00e7\u00f5es <strong>INST.TANTE<\/strong>\u00a0 e\u00a0 <strong>(IN)TANG\u00cdVEL_MAT\u00c9RIA SENS\u00cdVEL<\/strong> foram eventos coordenado por Lynn Carone e Andrea Campos de S\u00e1 com a colabora\u00e7\u00e3o de cada um dos jovens estudantes e artistas e foi uma das atividades culturais propostas para o projeto de extens\u00e3o \u201cA\u00e7\u00f5es em Arte nos tempos da Covid-19\u201d da Universidade de Bras\u00edlia Bras\u00edlia (UnB), coordenado pela Dra.\u00a0 Cinara Barbosa, VIS\/IdA &#8211; UnB.No segundo semestre a Web-exposi\u00e7\u00e3o I<strong>NTERSEC\u00c7\u00d5ES <\/strong>\u00a0fez parte do evento do programa de extens\u00e3o da Universidade de Bras\u00edlia, cujo prop\u00f3sito foi mostrar o resultado da pesquisa dos discentes das disciplinas Arte Eletr\u00f4nica 1, Anima\u00e7\u00e3o, Introdu\u00e7\u00e3o \u00e0 Gravura e Materiais em Arte 2, novamente coordenados por Lynn Carone e Andrea Campos de S\u00e1 e tamb\u00e9m Por Artur Cabral.<\/p>\n\n\n\n<p><br>Desde o in\u00edcio do ano de 2020 foi preciso muita disposi\u00e7\u00e3o para lidar com os problemas causados pela pandemia da COVID-19. O primeiro deles foi a suspens\u00e3o do calend\u00e1rio acad\u00eamico das universidades brasileiras, seguido do per\u00edodo de adapta\u00e7\u00e3o dos docentes e discentes ao modo remoto de comunica\u00e7\u00e3o e aprendizagem. As Web-exposi\u00e7\u00f5es foram o resultado dos encontros semanais virtuais &#8211; aulas s\u00edncronas e ass\u00edncronas \u2013 que oportunizaram discuss\u00f5es, apresenta\u00e7\u00f5es de filmes, leitura de textos e de obras de artistas referentes aos contextos discutidos, al\u00e9m de tutorias com sugest\u00f5es para o desenvolvimento dos trabalhos pr\u00e1ticos. As trocas foram ricas, promovendo o incentivo para a produ\u00e7\u00e3o po\u00e9tica individual e a aproxima\u00e7\u00e3o entre os integrantes d e cada grupo. Podemos dizer que o semestre letivo de isolamento social refor\u00e7ou a ineg\u00e1vel presen\u00e7a dos fen\u00f4menos tecnol\u00f3gicos no \u00e2mbito das novas perspectivas e possibilidades est\u00e9ticas. As web-exposi\u00e7\u00f5es nos mostrou\u00a0 que mesmo diante de tantos desafios e desesperan\u00e7as, a resili\u00eancia, a resist\u00eancia e a persist\u00eancia ainda nos fazem crer no papel fundamental que a arte cumpre.<\/p>\n\n\n\n<ul><li>2020 \u2014\u00a0Ins.tante &#8211;  (<a href=\"https:\/\/linktr.ee\/instantexpo\" data-type=\"URL\" data-id=\"https:\/\/linktr.ee\/instantexpo\">Acessar<\/a>) e <a href=\"https:\/\/drive.google.com\/file\/d\/1AVexQPZMHVIbvQyAMprB-Qxb4A0dma7-\/view?usp=sharing\" data-type=\"URL\" data-id=\"https:\/\/drive.google.com\/file\/d\/1AVexQPZMHVIbvQyAMprB-Qxb4A0dma7-\/view?usp=sharing\">Cat\u00e1logo Interativo<\/a><\/li><li>2020 \u2014 (IN)Tang\u00edvel Mat\u00e9ria_sens\u00edvel &#8211; (<a href=\"https:\/\/www.instagram.com\/materia_sensivel\/?igshid=mnf2jnu66r8f\" data-type=\"URL\" data-id=\"https:\/\/www.instagram.com\/materia_sensivel\/?igshid=mnf2jnu66r8f\">Acessar<\/a>) e <a href=\"https:\/\/drive.google.com\/file\/d\/1Sa9LnC5ce7wzHJ5Whi8Cpmdl9dDI-smc\/view?usp=sharing\" data-type=\"URL\" data-id=\"https:\/\/drive.google.com\/file\/d\/1Sa9LnC5ce7wzHJ5Whi8Cpmdl9dDI-smc\/view?usp=sharing\">Cat\u00e1logo Interativo<\/a><\/li><li>2020 \u2014 Intersec\u00e7\u00f5es (<a href=\"https:\/\/interseccoes.online\/sobre\" data-type=\"URL\" data-id=\"https:\/\/interseccoes.online\/sobre\">Acessar<\/a>)<\/li><\/ul>\n\n\n\n<p><strong><strong>Participa\u00e7\u00e3o como artista<\/strong><\/strong><\/p>\n\n\n\n<ul><li>2021 \u2014 &#8216;Emmeio#13. White Page Galllery \u2013 participa\u00e7\u00e3o como artista e coordena\u00e7\u00e3o do projeto &#8211; (<a href=\"https:\/\/emmeio13.medialab.unb.br\/wpg\" data-type=\"URL\" data-id=\"https:\/\/emmeio13.medialab.unb.br\/wpg\">Acessar<\/a>)<\/li><li>2021 \u2014 &#8216;Emmeio#13.0Contamina\u00e7\u00f5es-WebArt \u2013 Performance ao vivo- Ciclicidades &#8211; (<a href=\"https:\/\/www.youtube.com\/watch?v=C7tuJ4IZ8eM\" data-type=\"URL\" data-id=\"https:\/\/www.youtube.com\/watch?v=C7tuJ4IZ8eM\">Acessar<\/a>)<\/li><li>2021 \u2014 &#8216;Emmeio#13.0Contamina\u00e7\u00f5es-WebArt-@3\u2019 &#8211; (<a href=\"https:\/\/emmeio13.medialab.unb.br\/\" data-type=\"URL\" data-id=\"https:\/\/emmeio13.medialab.unb.br\/\">Acessar<\/a>)<\/li><li>2020 \u2014 Emmeio12# &#8211; Ronda &#8211; (<a href=\"https:\/\/emmeio12.medialab.unb.br\/\" data-type=\"URL\" data-id=\"https:\/\/emmeio12.medialab.unb.br\/\">Acessar<\/a>)<\/li><li>2020 \u2014 Web-Exposi\u00e7\u00e3o metr\u00f4- Pontos de fuga &#8211; 1mulherporM2 (<a href=\"https:\/\/biblioteca.metrosp.com.br\/index.php\/ptbr\/359-linha-visuais\/797-mulheresm2\" data-type=\"URL\" data-id=\"https:\/\/biblioteca.metrosp.com.br\/index.php\/ptbr\/359-linha-visuais\/797-mulheresm2\">Acessar<\/a>)<\/li><li>2020 \u2014 Exposi\u00e7\u00e3o \u201cPontos de Fuga\u201d- Metr\u00f4 &#8211; Web art &#8211; Exposi\u00e7\u00e3o Virtual em formato de game interativo\u2013 SP \u2013 Coletivo 1mulher por M2 &#8211; (<a href=\"http:\/\/www.1mulherporm2.com\" data-type=\"URL\" data-id=\"www.1mulherporm2.com\">Acessar<\/a>)<\/li><\/ul>\n\n\n\n<p><\/p>\n","protected":false},"excerpt":{"rendered":"<p>White Page Gallery O projeto \u201cWhite page Gallery\u201d foi concebido pela equipe do MediaLab da Universidade de Bras\u00edlia, Unb, coordenado por Lynn Carone, Artur Cabral&#8230;<\/p>\n<div class=\"more-link-wrapper\"><a class=\"more-link\" href=\"https:\/\/lynncarone.com\/home\/exposicoes-virtuais\/\">Continuar Lendo<span class=\"screen-reader-text\">Exposi\u00e7\u00f5es Virtuais<\/span><\/a><\/div>\n","protected":false},"author":4,"featured_media":0,"parent":0,"menu_order":0,"comment_status":"closed","ping_status":"closed","template":"","meta":[],"yoast_head":"<!-- This site is optimized with the Yoast SEO plugin v19.0 - https:\/\/yoast.com\/wordpress\/plugins\/seo\/ -->\n<title>Exposi\u00e7\u00f5es Virtuais - Lynn Carone<\/title>\n<meta name=\"robots\" content=\"index, follow, max-snippet:-1, max-image-preview:large, max-video-preview:-1\" \/>\n<link rel=\"canonical\" href=\"https:\/\/lynncarone.com\/home\/exposicoes-virtuais\/\" \/>\n<meta property=\"og:locale\" content=\"pt_BR\" \/>\n<meta property=\"og:type\" content=\"article\" \/>\n<meta property=\"og:title\" content=\"Exposi\u00e7\u00f5es Virtuais - Lynn Carone\" \/>\n<meta property=\"og:description\" content=\"White Page Gallery O projeto \u201cWhite page Gallery\u201d foi concebido pela equipe do MediaLab da Universidade de Bras\u00edlia, Unb, coordenado por Lynn Carone, Artur Cabral&#8230;\" \/>\n<meta property=\"og:url\" content=\"https:\/\/lynncarone.com\/home\/exposicoes-virtuais\/\" \/>\n<meta property=\"og:site_name\" content=\"Lynn Carone\" \/>\n<meta property=\"article:modified_time\" content=\"2021-08-12T18:46:47+00:00\" \/>\n<meta name=\"twitter:card\" content=\"summary_large_image\" \/>\n<meta name=\"twitter:label1\" content=\"Est. tempo de leitura\" \/>\n\t<meta name=\"twitter:data1\" content=\"3 minutos\" \/>\n<script type=\"application\/ld+json\" class=\"yoast-schema-graph\">{\"@context\":\"https:\/\/schema.org\",\"@graph\":[{\"@type\":[\"Person\",\"Organization\"],\"@id\":\"https:\/\/lynncarone.com\/home\/#\/schema\/person\/62b358248c7f3728d47b3b8a4983b6cb\",\"name\":\"Lynn Carone\",\"image\":{\"@type\":\"ImageObject\",\"inLanguage\":\"pt-BR\",\"@id\":\"https:\/\/lynncarone.com\/home\/#\/schema\/person\/image\/\",\"url\":\"https:\/\/lynncarone.com\/wp-content\/uploads\/2021\/07\/56539157_2331523753751186_6152032844651692032_n.jpg\",\"contentUrl\":\"https:\/\/lynncarone.com\/wp-content\/uploads\/2021\/07\/56539157_2331523753751186_6152032844651692032_n.jpg\",\"width\":2048,\"height\":2047,\"caption\":\"Lynn Carone\"},\"logo\":{\"@id\":\"https:\/\/lynncarone.com\/home\/#\/schema\/person\/image\/\"}},{\"@type\":\"WebSite\",\"@id\":\"https:\/\/lynncarone.com\/home\/#website\",\"url\":\"https:\/\/lynncarone.com\/home\/\",\"name\":\"Lynn Carone\",\"description\":\"Site\",\"publisher\":{\"@id\":\"https:\/\/lynncarone.com\/home\/#\/schema\/person\/62b358248c7f3728d47b3b8a4983b6cb\"},\"potentialAction\":[{\"@type\":\"SearchAction\",\"target\":{\"@type\":\"EntryPoint\",\"urlTemplate\":\"https:\/\/lynncarone.com\/home\/?s={search_term_string}\"},\"query-input\":\"required name=search_term_string\"}],\"inLanguage\":\"pt-BR\"},{\"@type\":\"WebPage\",\"@id\":\"https:\/\/lynncarone.com\/home\/exposicoes-virtuais\/#webpage\",\"url\":\"https:\/\/lynncarone.com\/home\/exposicoes-virtuais\/\",\"name\":\"Exposi\u00e7\u00f5es Virtuais - Lynn Carone\",\"isPartOf\":{\"@id\":\"https:\/\/lynncarone.com\/home\/#website\"},\"datePublished\":\"2021-07-18T15:17:36+00:00\",\"dateModified\":\"2021-08-12T18:46:47+00:00\",\"breadcrumb\":{\"@id\":\"https:\/\/lynncarone.com\/home\/exposicoes-virtuais\/#breadcrumb\"},\"inLanguage\":\"pt-BR\",\"potentialAction\":[{\"@type\":\"ReadAction\",\"target\":[\"https:\/\/lynncarone.com\/home\/exposicoes-virtuais\/\"]}]},{\"@type\":\"BreadcrumbList\",\"@id\":\"https:\/\/lynncarone.com\/home\/exposicoes-virtuais\/#breadcrumb\",\"itemListElement\":[{\"@type\":\"ListItem\",\"position\":1,\"name\":\"Exposi\u00e7\u00f5es Virtuais\"}]}]}<\/script>\n<!-- \/ Yoast SEO plugin. -->","yoast_head_json":{"title":"Exposi\u00e7\u00f5es Virtuais - Lynn Carone","robots":{"index":"index","follow":"follow","max-snippet":"max-snippet:-1","max-image-preview":"max-image-preview:large","max-video-preview":"max-video-preview:-1"},"canonical":"https:\/\/lynncarone.com\/home\/exposicoes-virtuais\/","og_locale":"pt_BR","og_type":"article","og_title":"Exposi\u00e7\u00f5es Virtuais - Lynn Carone","og_description":"White Page Gallery O projeto \u201cWhite page Gallery\u201d foi concebido pela equipe do MediaLab da Universidade de Bras\u00edlia, Unb, coordenado por Lynn Carone, Artur Cabral&#8230;","og_url":"https:\/\/lynncarone.com\/home\/exposicoes-virtuais\/","og_site_name":"Lynn Carone","article_modified_time":"2021-08-12T18:46:47+00:00","twitter_card":"summary_large_image","twitter_misc":{"Est. tempo de leitura":"3 minutos"},"schema":{"@context":"https:\/\/schema.org","@graph":[{"@type":["Person","Organization"],"@id":"https:\/\/lynncarone.com\/home\/#\/schema\/person\/62b358248c7f3728d47b3b8a4983b6cb","name":"Lynn Carone","image":{"@type":"ImageObject","inLanguage":"pt-BR","@id":"https:\/\/lynncarone.com\/home\/#\/schema\/person\/image\/","url":"https:\/\/lynncarone.com\/wp-content\/uploads\/2021\/07\/56539157_2331523753751186_6152032844651692032_n.jpg","contentUrl":"https:\/\/lynncarone.com\/wp-content\/uploads\/2021\/07\/56539157_2331523753751186_6152032844651692032_n.jpg","width":2048,"height":2047,"caption":"Lynn Carone"},"logo":{"@id":"https:\/\/lynncarone.com\/home\/#\/schema\/person\/image\/"}},{"@type":"WebSite","@id":"https:\/\/lynncarone.com\/home\/#website","url":"https:\/\/lynncarone.com\/home\/","name":"Lynn Carone","description":"Site","publisher":{"@id":"https:\/\/lynncarone.com\/home\/#\/schema\/person\/62b358248c7f3728d47b3b8a4983b6cb"},"potentialAction":[{"@type":"SearchAction","target":{"@type":"EntryPoint","urlTemplate":"https:\/\/lynncarone.com\/home\/?s={search_term_string}"},"query-input":"required name=search_term_string"}],"inLanguage":"pt-BR"},{"@type":"WebPage","@id":"https:\/\/lynncarone.com\/home\/exposicoes-virtuais\/#webpage","url":"https:\/\/lynncarone.com\/home\/exposicoes-virtuais\/","name":"Exposi\u00e7\u00f5es Virtuais - Lynn Carone","isPartOf":{"@id":"https:\/\/lynncarone.com\/home\/#website"},"datePublished":"2021-07-18T15:17:36+00:00","dateModified":"2021-08-12T18:46:47+00:00","breadcrumb":{"@id":"https:\/\/lynncarone.com\/home\/exposicoes-virtuais\/#breadcrumb"},"inLanguage":"pt-BR","potentialAction":[{"@type":"ReadAction","target":["https:\/\/lynncarone.com\/home\/exposicoes-virtuais\/"]}]},{"@type":"BreadcrumbList","@id":"https:\/\/lynncarone.com\/home\/exposicoes-virtuais\/#breadcrumb","itemListElement":[{"@type":"ListItem","position":1,"name":"Exposi\u00e7\u00f5es Virtuais"}]}]}},"_links":{"self":[{"href":"https:\/\/lynncarone.com\/home\/wp-json\/wp\/v2\/pages\/1220"}],"collection":[{"href":"https:\/\/lynncarone.com\/home\/wp-json\/wp\/v2\/pages"}],"about":[{"href":"https:\/\/lynncarone.com\/home\/wp-json\/wp\/v2\/types\/page"}],"author":[{"embeddable":true,"href":"https:\/\/lynncarone.com\/home\/wp-json\/wp\/v2\/users\/4"}],"replies":[{"embeddable":true,"href":"https:\/\/lynncarone.com\/home\/wp-json\/wp\/v2\/comments?post=1220"}],"version-history":[{"count":4,"href":"https:\/\/lynncarone.com\/home\/wp-json\/wp\/v2\/pages\/1220\/revisions"}],"predecessor-version":[{"id":1227,"href":"https:\/\/lynncarone.com\/home\/wp-json\/wp\/v2\/pages\/1220\/revisions\/1227"}],"wp:attachment":[{"href":"https:\/\/lynncarone.com\/home\/wp-json\/wp\/v2\/media?parent=1220"}],"curies":[{"name":"wp","href":"https:\/\/api.w.org\/{rel}","templated":true}]}}