{"id":1466,"date":"2022-05-30T08:34:55","date_gmt":"2022-05-30T11:34:55","guid":{"rendered":"https:\/\/lynncarone.com\/home\/?page_id=1466"},"modified":"2022-06-06T15:33:14","modified_gmt":"2022-06-06T18:33:14","slug":"entrevistas","status":"publish","type":"page","link":"https:\/\/lynncarone.com\/home\/entrevistas\/","title":{"rendered":"Entrevistas"},"content":{"rendered":"\t\t<div data-elementor-type=\"wp-page\" data-elementor-id=\"1466\" class=\"elementor elementor-1466\">\n\t\t\t\t\t\t<div class=\"elementor-inner\">\n\t\t\t\t<div class=\"elementor-section-wrap\">\n\t\t\t\t\t\t\t\t\t<section class=\"elementor-section elementor-top-section elementor-element elementor-element-ae569aa elementor-section-boxed elementor-section-height-default elementor-section-height-default\" data-id=\"ae569aa\" data-element_type=\"section\">\n\t\t\t\t\t\t<div class=\"elementor-container elementor-column-gap-default\">\n\t\t\t\t\t\t\t<div class=\"elementor-row\">\n\t\t\t\t\t<div class=\"elementor-column elementor-col-100 elementor-top-column elementor-element elementor-element-c4188ad\" data-id=\"c4188ad\" data-element_type=\"column\">\n\t\t\t<div class=\"elementor-column-wrap elementor-element-populated\">\n\t\t\t\t\t\t\t<div class=\"elementor-widget-wrap\">\n\t\t\t\t\t\t<div class=\"elementor-element elementor-element-5483a67 elementor-widget elementor-widget-text-editor\" data-id=\"5483a67\" data-element_type=\"widget\" data-widget_type=\"text-editor.default\">\n\t\t\t\t<div class=\"elementor-widget-container\">\n\t\t\t\t\t\t\t\t<div class=\"elementor-text-editor elementor-clearfix\">\n\t\t\t\t<p>2012 &#8211; Exposi\u00e7\u00e3o A Casa (<a href=\"https:\/\/casacontemporanea370.com\/2012\/conversas\/conversa-com-artistas\/\">Link<\/a>)<\/p><p>2013 &#8211; De Porta Fechada- Entrevista com Artistas da Exposi\u00e7\u00e3o &#8211; Espa\u00e7o Conex\u00e3o (<a href=\"https:\/\/www.youtube.com\/watch?v=hb3tAoLdALw&amp;ab_channel=DePortaFechada\">Link<\/a>)<\/p><p>2020 &#8211; SG1 &#8211; Circular Arte (<a href=\"https:\/\/anchor.fm\/sg1zine\/episodes\/SG1---Circular-arte-convida-Lynn-Carone-edvajq\">Link 1<\/a>) (<a href=\"https:\/\/anchor.fm\/sg1zine\/episodes\/SG1---Circular-arte-convida-Lynn-Carone-edvajq\/a-a264khk\">Link 2<\/a>) e (<a href=\"https:\/\/www.himalaya.com\/arts-podcasts\/sg1-circular-arte-por-todos-os-cantos-2011525\/sg1-circular-arte-convida-lynn-carone-96989361\">Link 3<\/a>)<\/p><p>Entrevista 1 (<a href=\"https:\/\/www.instagram.com\/tv\/CAOD3o_lVys\/?igshid=u5gje1jrsj7\">Link<\/a>)<\/p><p>Entrevista 2 (<a href=\"https:\/\/www.instagram.com\/p\/CAOFAAcF0qs\/\">Link 1<\/a>) e (<a href=\"https:\/\/www.instagram.com\/p\/CAQX6MIFuxj\/\">Link 2<\/a>)<\/p><p>Spotify (<a href=\"https:\/\/open.spotify.com\/episode\/1WIi02Wwc5o2Cgk8w4QULu?si=LRi3reSkSZiV8xll8CDpIg\">Link<\/a>)<\/p><p>2021 &#8211; Live Unibes Cultural (<a href=\"https:\/\/www.linkedin.com\/posts\/coletivo-uma-mulher-por-metro-quadrado-732485206_tbt-1mulherporm2-amanhaetsereiraiz-activity-6798756657867452416-7ZeW\">Link 1<\/a>) e (<a href=\"https:\/\/www.youtube.com\/watch?v=6WxTMp3XMqI\">Link 2<\/a>)<\/p><p>2021 &#8211; Live Pontos de Fuga &#8211; Festival de Paranapiacaba (<a href=\"https:\/\/www.youtube.com\/watch?v=jmLzBAWgL0A\">Link<\/a>)<\/p>\t\t\t\t\t<\/div>\n\t\t\t\t\t\t<\/div>\n\t\t\t\t<\/div>\n\t\t\t\t\t\t<\/div>\n\t\t\t\t\t<\/div>\n\t\t<\/div>\n\t\t\t\t\t\t\t\t<\/div>\n\t\t\t\t\t<\/div>\n\t\t<\/section>\n\t\t\t\t\t\t\t\t\t<\/div>\n\t\t\t<\/div>\n\t\t\t\t\t<\/div>\n\t\t","protected":false},"excerpt":{"rendered":"<p>2012 &#8211; Exposi\u00e7\u00e3o A Casa (Link) 2013 &#8211; De Porta Fechada- Entrevista com Artistas da Exposi\u00e7\u00e3o &#8211; Espa\u00e7o Conex\u00e3o (Link) 2020 &#8211; SG1 &#8211; Circular&#8230;<\/p>\n<div class=\"more-link-wrapper\"><a class=\"more-link\" href=\"https:\/\/lynncarone.com\/home\/entrevistas\/\">Continuar Lendo<span class=\"screen-reader-text\">Entrevistas<\/span><\/a><\/div>\n","protected":false},"author":4,"featured_media":0,"parent":0,"menu_order":0,"comment_status":"closed","ping_status":"closed","template":"","meta":[],"yoast_head":"<!-- This site is optimized with the Yoast SEO plugin v19.0 - https:\/\/yoast.com\/wordpress\/plugins\/seo\/ -->\n<title>Entrevistas - Lynn Carone<\/title>\n<meta name=\"robots\" content=\"index, follow, max-snippet:-1, max-image-preview:large, max-video-preview:-1\" \/>\n<link rel=\"canonical\" href=\"https:\/\/lynncarone.com\/home\/entrevistas\/\" \/>\n<meta property=\"og:locale\" content=\"pt_BR\" \/>\n<meta property=\"og:type\" content=\"article\" \/>\n<meta property=\"og:title\" content=\"Entrevistas - Lynn Carone\" \/>\n<meta property=\"og:description\" content=\"2012 &#8211; Exposi\u00e7\u00e3o A Casa (Link) 2013 &#8211; De Porta Fechada- Entrevista com Artistas da Exposi\u00e7\u00e3o &#8211; Espa\u00e7o Conex\u00e3o (Link) 2020 &#8211; SG1 &#8211; Circular&#8230;\" \/>\n<meta property=\"og:url\" content=\"https:\/\/lynncarone.com\/home\/entrevistas\/\" \/>\n<meta property=\"og:site_name\" content=\"Lynn Carone\" \/>\n<meta property=\"article:modified_time\" content=\"2022-06-06T18:33:14+00:00\" \/>\n<meta name=\"twitter:card\" content=\"summary_large_image\" \/>\n<meta name=\"twitter:label1\" content=\"Est. tempo de leitura\" \/>\n\t<meta name=\"twitter:data1\" content=\"1 minuto\" \/>\n<script type=\"application\/ld+json\" class=\"yoast-schema-graph\">{\"@context\":\"https:\/\/schema.org\",\"@graph\":[{\"@type\":[\"Person\",\"Organization\"],\"@id\":\"https:\/\/lynncarone.com\/home\/#\/schema\/person\/62b358248c7f3728d47b3b8a4983b6cb\",\"name\":\"Lynn Carone\",\"image\":{\"@type\":\"ImageObject\",\"inLanguage\":\"pt-BR\",\"@id\":\"https:\/\/lynncarone.com\/home\/#\/schema\/person\/image\/\",\"url\":\"https:\/\/lynncarone.com\/wp-content\/uploads\/2021\/07\/56539157_2331523753751186_6152032844651692032_n.jpg\",\"contentUrl\":\"https:\/\/lynncarone.com\/wp-content\/uploads\/2021\/07\/56539157_2331523753751186_6152032844651692032_n.jpg\",\"width\":2048,\"height\":2047,\"caption\":\"Lynn Carone\"},\"logo\":{\"@id\":\"https:\/\/lynncarone.com\/home\/#\/schema\/person\/image\/\"}},{\"@type\":\"WebSite\",\"@id\":\"https:\/\/lynncarone.com\/home\/#website\",\"url\":\"https:\/\/lynncarone.com\/home\/\",\"name\":\"Lynn Carone\",\"description\":\"Site\",\"publisher\":{\"@id\":\"https:\/\/lynncarone.com\/home\/#\/schema\/person\/62b358248c7f3728d47b3b8a4983b6cb\"},\"potentialAction\":[{\"@type\":\"SearchAction\",\"target\":{\"@type\":\"EntryPoint\",\"urlTemplate\":\"https:\/\/lynncarone.com\/home\/?s={search_term_string}\"},\"query-input\":\"required name=search_term_string\"}],\"inLanguage\":\"pt-BR\"},{\"@type\":\"WebPage\",\"@id\":\"https:\/\/lynncarone.com\/home\/entrevistas\/#webpage\",\"url\":\"https:\/\/lynncarone.com\/home\/entrevistas\/\",\"name\":\"Entrevistas - Lynn Carone\",\"isPartOf\":{\"@id\":\"https:\/\/lynncarone.com\/home\/#website\"},\"datePublished\":\"2022-05-30T11:34:55+00:00\",\"dateModified\":\"2022-06-06T18:33:14+00:00\",\"breadcrumb\":{\"@id\":\"https:\/\/lynncarone.com\/home\/entrevistas\/#breadcrumb\"},\"inLanguage\":\"pt-BR\",\"potentialAction\":[{\"@type\":\"ReadAction\",\"target\":[\"https:\/\/lynncarone.com\/home\/entrevistas\/\"]}]},{\"@type\":\"BreadcrumbList\",\"@id\":\"https:\/\/lynncarone.com\/home\/entrevistas\/#breadcrumb\",\"itemListElement\":[{\"@type\":\"ListItem\",\"position\":1,\"name\":\"Entrevistas\"}]}]}<\/script>\n<!-- \/ Yoast SEO plugin. -->","yoast_head_json":{"title":"Entrevistas - Lynn Carone","robots":{"index":"index","follow":"follow","max-snippet":"max-snippet:-1","max-image-preview":"max-image-preview:large","max-video-preview":"max-video-preview:-1"},"canonical":"https:\/\/lynncarone.com\/home\/entrevistas\/","og_locale":"pt_BR","og_type":"article","og_title":"Entrevistas - Lynn Carone","og_description":"2012 &#8211; Exposi\u00e7\u00e3o A Casa (Link) 2013 &#8211; De Porta Fechada- Entrevista com Artistas da Exposi\u00e7\u00e3o &#8211; Espa\u00e7o Conex\u00e3o (Link) 2020 &#8211; SG1 &#8211; Circular&#8230;","og_url":"https:\/\/lynncarone.com\/home\/entrevistas\/","og_site_name":"Lynn Carone","article_modified_time":"2022-06-06T18:33:14+00:00","twitter_card":"summary_large_image","twitter_misc":{"Est. tempo de leitura":"1 minuto"},"schema":{"@context":"https:\/\/schema.org","@graph":[{"@type":["Person","Organization"],"@id":"https:\/\/lynncarone.com\/home\/#\/schema\/person\/62b358248c7f3728d47b3b8a4983b6cb","name":"Lynn Carone","image":{"@type":"ImageObject","inLanguage":"pt-BR","@id":"https:\/\/lynncarone.com\/home\/#\/schema\/person\/image\/","url":"https:\/\/lynncarone.com\/wp-content\/uploads\/2021\/07\/56539157_2331523753751186_6152032844651692032_n.jpg","contentUrl":"https:\/\/lynncarone.com\/wp-content\/uploads\/2021\/07\/56539157_2331523753751186_6152032844651692032_n.jpg","width":2048,"height":2047,"caption":"Lynn Carone"},"logo":{"@id":"https:\/\/lynncarone.com\/home\/#\/schema\/person\/image\/"}},{"@type":"WebSite","@id":"https:\/\/lynncarone.com\/home\/#website","url":"https:\/\/lynncarone.com\/home\/","name":"Lynn Carone","description":"Site","publisher":{"@id":"https:\/\/lynncarone.com\/home\/#\/schema\/person\/62b358248c7f3728d47b3b8a4983b6cb"},"potentialAction":[{"@type":"SearchAction","target":{"@type":"EntryPoint","urlTemplate":"https:\/\/lynncarone.com\/home\/?s={search_term_string}"},"query-input":"required name=search_term_string"}],"inLanguage":"pt-BR"},{"@type":"WebPage","@id":"https:\/\/lynncarone.com\/home\/entrevistas\/#webpage","url":"https:\/\/lynncarone.com\/home\/entrevistas\/","name":"Entrevistas - Lynn Carone","isPartOf":{"@id":"https:\/\/lynncarone.com\/home\/#website"},"datePublished":"2022-05-30T11:34:55+00:00","dateModified":"2022-06-06T18:33:14+00:00","breadcrumb":{"@id":"https:\/\/lynncarone.com\/home\/entrevistas\/#breadcrumb"},"inLanguage":"pt-BR","potentialAction":[{"@type":"ReadAction","target":["https:\/\/lynncarone.com\/home\/entrevistas\/"]}]},{"@type":"BreadcrumbList","@id":"https:\/\/lynncarone.com\/home\/entrevistas\/#breadcrumb","itemListElement":[{"@type":"ListItem","position":1,"name":"Entrevistas"}]}]}},"_links":{"self":[{"href":"https:\/\/lynncarone.com\/home\/wp-json\/wp\/v2\/pages\/1466"}],"collection":[{"href":"https:\/\/lynncarone.com\/home\/wp-json\/wp\/v2\/pages"}],"about":[{"href":"https:\/\/lynncarone.com\/home\/wp-json\/wp\/v2\/types\/page"}],"author":[{"embeddable":true,"href":"https:\/\/lynncarone.com\/home\/wp-json\/wp\/v2\/users\/4"}],"replies":[{"embeddable":true,"href":"https:\/\/lynncarone.com\/home\/wp-json\/wp\/v2\/comments?post=1466"}],"version-history":[{"count":7,"href":"https:\/\/lynncarone.com\/home\/wp-json\/wp\/v2\/pages\/1466\/revisions"}],"predecessor-version":[{"id":1491,"href":"https:\/\/lynncarone.com\/home\/wp-json\/wp\/v2\/pages\/1466\/revisions\/1491"}],"wp:attachment":[{"href":"https:\/\/lynncarone.com\/home\/wp-json\/wp\/v2\/media?parent=1466"}],"curies":[{"name":"wp","href":"https:\/\/api.w.org\/{rel}","templated":true}]}}