{"id":1468,"date":"2022-05-30T08:35:38","date_gmt":"2022-05-30T11:35:38","guid":{"rendered":"https:\/\/lynncarone.com\/home\/?page_id=1468"},"modified":"2022-06-06T15:19:02","modified_gmt":"2022-06-06T18:19:02","slug":"clipagem","status":"publish","type":"page","link":"https:\/\/lynncarone.com\/home\/clipagem\/","title":{"rendered":"Clipagem"},"content":{"rendered":"\t\t<div data-elementor-type=\"wp-page\" data-elementor-id=\"1468\" class=\"elementor elementor-1468\">\n\t\t\t\t\t\t<div class=\"elementor-inner\">\n\t\t\t\t<div class=\"elementor-section-wrap\">\n\t\t\t\t\t\t\t\t\t<section class=\"elementor-section elementor-top-section elementor-element elementor-element-1de9cef elementor-section-boxed elementor-section-height-default elementor-section-height-default\" data-id=\"1de9cef\" data-element_type=\"section\">\n\t\t\t\t\t\t<div class=\"elementor-container elementor-column-gap-default\">\n\t\t\t\t\t\t\t<div class=\"elementor-row\">\n\t\t\t\t\t<div class=\"elementor-column elementor-col-100 elementor-top-column elementor-element elementor-element-4e65eb6\" data-id=\"4e65eb6\" data-element_type=\"column\">\n\t\t\t<div class=\"elementor-column-wrap elementor-element-populated\">\n\t\t\t\t\t\t\t<div class=\"elementor-widget-wrap\">\n\t\t\t\t\t\t<div class=\"elementor-element elementor-element-2dd904b elementor-widget elementor-widget-text-editor\" data-id=\"2dd904b\" data-element_type=\"widget\" data-widget_type=\"text-editor.default\">\n\t\t\t\t<div class=\"elementor-widget-container\">\n\t\t\t\t\t\t\t\t<div class=\"elementor-text-editor elementor-clearfix\">\n\t\t\t\t<p>Livro Janelas da Imagina\u00e7\u00e3o (<a href=\"https:\/\/www.construirnoticias.com.br\/dicas-de-leitura-15\/\">Link<\/a>)<\/p><p>1999 &#8211; Individual em S\u00e3o Bernardo (<a href=\"https:\/\/www.dgabc.com.br\/Noticia\/187780\/a-arte-que-busca-o-equilibrio-entre-o-homem-e-a-natureza\">Link<\/a>)<\/p><p>2000 &#8211; EM Obra (<a href=\"https:\/\/centromodificado.wordpress.com\/artistas\/lynn-carone\/ https:\/\/www.saopaulo.sp.gov.br\/ultimas-noticias\/programacao-cultural-para-esta-semana-7\/\">Link<\/a>)<\/p><p>2005 &#8211; Atelier do Centro \u2013 Exposi\u00e7\u00e3o Indesejados (<a href=\"http:\/\/www.canalcontemporaneo.art.br\/e-nformes.php?codigo=999\">Link<\/a>)<\/p><p>2005 &#8211; Centro Modificado CCBB (<a href=\"https:\/\/centromodificado.wordpress.com\/artistas\/lynn-carone\/\">Link<\/a>)<\/p><p>2007 &#8211; Atelier 397 &#8211; Atelier das 4 (<a href=\"https:\/\/atelie397.com\/atelie-das-quatro\/\">Link<\/a>)<\/p><p>2008 &#8211; Mananciais Ed Vigiani (<a href=\"https:\/\/img.socioambiental.org\/main.php?g2_view=keyalbum.KeywordAlbum&amp;g2_keyword=Mananciais&amp;g2_itemId=83654\">Link 1<\/a>) e (<a href=\"https:\/\/uc.socioambiental.org.br\/es\/noticia\/73909\">Link 2<\/a>)<\/p><p>2011 &#8211; Galeria Politheama \u2013 Jundia\u00ed (<a href=\"http:\/\/iprejun.sp.gov.br\/S\/arquivos\/Imprensa_Oficial\/Imprensa_Oficial_Jundiai_2010-11-19_3489.pdf\\\">Link<\/a>)<\/p><p>2012 &#8211; Ritos Baldios &#8211; S\u00e3o Paulo (<a href=\"https:\/\/www.youtube.com\/http:\/\/www.jornaldocampus.usp.br\/index.php\/tag\/paco-das-artes\/watch?v=X6bX2ot6nWg&amp;ab_channel=ChiuYiChih\">Link 1<\/a>) e (<a href=\"https:\/\/www.youtube.com\/watch?v=X6bX2ot6nWg&amp;ab_channel=ChiuYiChih\">Link 2<\/a>)<\/p><p>2012 &#8211; A casa (<a href=\"https:\/\/casacontemporanea370.com\/2012\/textos-criticos\/questao-da-imagem-ou-o-artista-como-narciso\/\">Link 1<\/a>) e (<a href=\"https:\/\/casacontemporanea370.com\/category\/conversas\/\">Link 2<\/a>)<\/p><p>2013 &#8211; 45\u00ba Sal\u00e3o de Piracicaba (<a href=\"http:\/\/semac.piracicaba.sp.gov.br\/pinacoteca\/?p=485\">Link<\/a>)<\/p><p>2014 &#8211; II Semin\u00e1rio Arte e Natureza USP (<a href=\"http:\/\/www3.eca.usp.br\/noticias\/arte-e-natureza-tema-de-semin-rio-internacional\">Link<\/a>)<\/p><p>2014 &#8211; Obras em Acervo &#8211; O que \u00e9 meu, o que \u00e9 seu, o que \u00e9 nosso (<a href=\"http:\/\/acervo.bn.gov.br\/sophia_web\/acervo\/detalhe\/1022751?guid=1585312873375&amp;returnUrl=%2fsophia_web%2fresultado%2flistar%3fguid%3d1585312873375%26quantidadePaginas%3d1%26codigoRegistro%3d1022751%231022751&amp;i=1\">Link<\/a>)<\/p><p>2015 &#8211; MACC (<a href=\"http:\/\/maisexpressao.com.br\/noticia\/programacao-do-macc-para-janeiro-tem-tres-exposicoes-gratuitas-31323.html\">Link 1<\/a>) (<a href=\"http:\/\/maisexpressao.com.br\/noticia\/programacao-do-macc-para-janeiro-tem-tres-exposicoes-gratuitas-31323.html\">Link 2<\/a>) (<a href=\"https:\/\/portalcbncampinas.com.br\/2015\/09\/museu-de-arte-contemporanea-recebe-a-exposicao-tempo-espaco-lugares\/\">Link 3<\/a>) (<a href=\"https:\/\/agenciasn.com.br\/arquivos\/5552\">Link 4<\/a>) e (<a href=\"https:\/\/campinas.com.br\/cultura\/2016\/01\/tres-exposicoes-fazem-parte-da-programacao-de-janeiro-do-macc\/\">Link 5<\/a>)<\/p><p>2016 &#8211; O desejo do Outro (<a href=\"http:\/\/arteseanp.blogspot.com\/2016\/12\/casa-contemporanea-o-desejo-do-outro.html\">Link<\/a>)<\/p><p>2016 &#8211; Meu corpo, minhas regras &#8211; Curadoria Vera Vaz (<a href=\"https:\/\/mislagazzi.blogspot.com\/2016\/06\/europa-614-curadora-vera-vaz.html\">Link 1<\/a>) e (<a href=\"https:\/\/www.youtube.com\/watch?v=75MoaGQDUbk&amp;ab_channel=VeraVaz\">Link 2<\/a>)<\/p><p>2017 &#8211; II Semin\u00e1rio Internacional de Arte e Natureza (<a href=\"http:\/\/www.forumpermanente.org\/noticias\/2017\/08\/iii-seminario-internacional-arte-e-natureza\">Link 1<\/a>) (<a href=\"https:\/\/www.galeriaeduardofernandes.com\/notcias-4\/2018\/5\/12\/exposio-coletiva-imagens-da-natureza-espao-das-artes\">Link 2<\/a>)<\/p><p>2019 &#8211; Coletivo Novembro (<a href=\"https:\/\/on-behalf-of-brazil.net\">Link 1<\/a>) e (<a href=\"https:\/\/conteminformacao.com.br\/8676-2-ruas-de-sao-paulo-recebem-projeto-de-intervencao-artistica-de-cunho-ativista\/\">Link 2<\/a>)<\/p><p>2019 &#8211; 1MULHERporM2 &#8211; Galeria Indigo (<a href=\"https:\/\/www.correiodeatibaia.com.br\/cultura\/espaco-indigo-arte-recebe-a-exposicao-1mulher-por-m2\/\">Link<\/a>)<\/p><p>2019 &#8211; Pinacoteca de Piracicaba &#8211; 1\u00aa Exposi\u00e7\u00e3o (<a href=\"https:\/\/www.jornalcruzeiro.com.br\/mais-cruzeiro\/exposicao-na-pinacoteca-retrata-o-universo-das-mulheres-em-um-metro-quadrado\/\">Link 1<\/a>) (<a href=\"https:\/\/agendasorocaba.com.br\/pinacoteca-municipal-de-sorocaba\/uma-mulher-por-metro-quadrado\/\">Link 2<\/a>) (<a href=\"http:\/\/jornalznorte.com.br\/sorocaba\/montagem-da-exposicao-1-mulher-por-m%C2%B2%E2%80%B2-tera-inicio-na-pinacoteca-municipal\/\">Link 3<\/a>) e (<a href=\"https:\/\/www.picuki.com\/media\/2140924274785650374\">Link 4<\/a>)\u00a0<\/p><p>2019 &#8211; Guarulhos &#8211; 1MULHERporM2 (<a href=\"https:\/\/www.guarulhos.sp.gov.br\/node\/10948\">Link<\/a>)<\/p><p>2019 &#8211; Casa de Cultura da Am\u00e9rica Latina &#8211; Cao &#8211; Atentx e Fortes (<a href=\"https:\/\/www.cadebrasilia.com\/2019\/06\/atentxs-e-fortes-50-anos-de-stonewall.html\">Link 1<\/a>) (<a href=\"https:\/\/aquitemdiversao.com.br\/atentxs-e-fortes\/\">Link 2<\/a>) e (<a href=\"https:\/\/revistacult.uol.com.br\/home\/cultura-em-movimento-7\/\">Link 3<\/a>)<\/p><p>2019 &#8211; Exposi\u00e7\u00e3o ADUMB (<a href=\"https:\/\/www.adunb.org\/noticias\/categories\/cultura-e-educa%C3%A7%C3%A3o\">Link<\/a>)<\/p><p>2020 &#8211; Casa de Vidro &#8211; Campinas (<a href=\"https:\/\/portalcultura.campinas.sp.gov.br\/noticias\/exposicao-na-casa-vidro-retrata-o-universo-feminino-no-mes-da-mulher\">Link 1<\/a>) (<a href=\"https:\/\/correio.rac.com.br\/_conteudo\/2020\/03\/entretenimento\/909259-exposicao-coletiva-no-museu-casa-de-vidro.html\">Link 2<\/a>) (<a href=\"https:\/\/portalon.com.br\/casa-de-vidro-em-campinas-retrata-o-universo-feminino-no-mes-da-mulher\/\">Link 3<\/a>) e (<a href=\"http:\/\/www.agemcamp.sp.gov.br\/cultura\/2020\/03\/exposicao-coletiva-no-museu-casa-de-vidro\/\">Link 4<\/a>)<\/p><p>2020 &#8211; Intersec\u00e7\u00f5es (<a href=\"http:\/\/interseccoes.online\/\">Link<\/a>)<\/p><p>2020 &#8211; Instante (<a href=\"https:\/\/linktr.ee\/instantexpo\">Link<\/a>)<\/p><p>2020 &#8211; Intang\u00edvel (<a href=\"https:\/\/www.instagram.com\/p\/CDufChKFwGU\/?igshid=14r2p26xv2cxv\">Link 1<\/a>) e (<a href=\"https:\/\/www.instagram.com\/materia_sensivel\/\">Link 2 &#8211; Material Sens\u00edvel<\/a>)<\/p><p>2020 &#8211; Pontos de Fuga &#8211; Exposi\u00e7\u00e3o Virtual (<a href=\"https:\/\/biblioteca.metrosp.com.br\/index.php\/ptbr\/359-linha-visuais\/797-mulheresm2\">Link 1<\/a>) (<a href=\"http:\/\/www.metro.sp.gov.br\/noticias\/metro-apresenta-herois-anonimos-pelas-lentes-do-coletivo-1mulherporm2.fss\">Link 2<\/a>) e (<a href=\"https:\/\/www.saopaulo.sp.gov.br\/ultimas-noticias\/metro-de-sao-paulo-apresenta-exposicao-virtual-feita-por-coletivo-feminino\/\">Link 3<\/a>)<\/p><p>2020 &#8211; Pontos de Fuga &#8211; Exposi\u00e7\u00e3o Presencial (<a href=\"https:\/\/g1.globo.com\/sp\/sao-paulo\/o-que-fazer-em-sao-paulo\/noticia\/2020\/12\/09\/exposicao-pontos-de-fuga-propoe-reflexao-sobre-a-pandemia-na-estacao-clinicas-do-metro-de-sp.ghtml\">Link 1<\/a>) (<a href=\"https:\/\/cc.bingj.com\/cache.aspx?q=exposi%C3%A7%C3%A3o+pontos+de+fuga&amp;d=4670905909838342&amp;mkt=pt-BR&amp;setlang=pt-PT&amp;w=O1Cx66TLFDRMFRoii-ALOLb0yRDJvxtz\">Link 2<\/a>) (<a href=\"https:\/\/classificadosdabarra.com.br\/noticias\/noticia\/229765\/exposicao-pontos-de-fuga-propoe-reflexao-sobre-a-pandemia-na-estacao-clinicas-do-metro-de-sp-\">Link 3<\/a>) (<a href=\"https:\/\/www.mixvale.com.br\/2020\/10\/27\/metro-de-sao-paulo-apresenta-exposicao-virtual-feita-por-coletivo-feminino\/\">Link 4<\/a>) (<a href=\"https:\/\/culturaefutebol.wordpress.com\/2020\/12\/21\/exposicao-pontos-de-fuga-no-metro-clinicas\/\">Link 5<\/a>) e (<a href=\"https:\/\/diariodotransporte.com.br\/2020\/10\/27\/metro-de-sao-paulo-promove-exposicao-online-de-imagens-feitas-por-mulheres\/\">Link 6<\/a>)<\/p><p>Apresenta\u00e7\u00e3o da Exposi\u00e7\u00e3o BEM WEB ART F\u00e1bio Fon (<a href=\"https:\/\/www.youtube.com\/watch?v=ktJ_sleCc4M\">Link<\/a>)<\/p><p>2020 &#8211; MidiaLab &#8211; Exposi\u00e7\u00e3o Virtual (<a href=\"https:\/\/emmeio12.medialab.unb.br\/\">Link 1<\/a>) e (<a href=\"http:\/\/medialab.unb.br\/index.php\/component\/content\/category\/19-eventos?Itemid=101\">Link 2<\/a>)<\/p><p>2021 &#8211; Performance Ciclicidades (<a href=\"https:\/\/emmeio13.medialab.unb.br\/\">Link 1<\/a>) e (<a href=\"https:\/\/www.youtube.com\/watch?v=C7tuJ4IZ8eM&amp;ab_channel=MediaLabUnB\">Link 2<\/a>)<\/p><p>2021 &#8211; Clipagem Pontos de Fuga &#8211; Festival de Paranapiacaba (<a href=\"https:\/\/dasartes.com.br\/agenda\/pontos-de-fuga-do-coletivo-1mulherporm2-vila-de-paranapiacaba\/\">Link 1<\/a>) (<a href=\"https:\/\/www.facebook.com\/ffparanapiacaba\/posts\/813561902574331\">Link 2<\/a>) e (<a href=\"https:\/\/www.ffparanapiacaba.com.br\/convidados-2\">Link 3<\/a>)<\/p><p>2021 &#8211; Unibes Cultural &#8211; Amanh\u00e3 serei Raiz (<a href=\"https:\/\/www.linkedin.com\/posts\/coletivo-uma-mulher-por-metro-quadrado-732485206_tbt-1mulherporm2-amanhaetsereiraiz-activity-6798756657867452416-7ZeW\">Link 1<\/a>) (<a href=\"https:\/\/guia.folha.uol.com.br\/passeios\/2021\/05\/no-dia-internacional-dos-museus-confira-cinco-instituicoes-abertas-em-sao-paulo.shtml\">Link 2<\/a>) (<a href=\"https:\/\/portalradar.com.br\/unibes-cultural-se-prepara-para-a-reabertura-da-casa-a-partir-de-25-de-maio\/\">Link 3<\/a>) (<a href=\"https:\/\/dicadeteatro.com.br\/unibes-cultural-abre-as-portas-dia-25-05-21\/\">Link 4<\/a>) (<a href=\"https:\/\/gazetadasemana.com.br\/coluna\/6747\/amanha-serei-raiz-na-fachada-da-unibes-cultural-a-partir-de-09-de-maio\">Link 5<\/a>) (<a href=\"https:\/\/toprg.blogspot.com\/2021\/04\/amanha-serei-raiz-na-fachada-da-unibes.html\">Link 6<\/a>) (<a href=\"https:\/\/clipping.cservice.com.br\/cliente\/viewmateria.htm?materiaId%3d58000318%26canalId%3d299002%26clienteId%3dCnarbyozBes%3d%26newsletterId%3d8qTWPw4xzog%3d\">Link 7<\/a>) (<a href=\"https:\/\/clipping.cservice.com.br\/cliente\/viewmateria.htm?materiaId%3d58044075%26canalId%3d299002%26clienteId%3dCnarbyozBes%3d%26newsletterId%3dUulOzZku6UQ%3d\">Link 8<\/a>) e (<a href=\"https:\/\/clipping.cservice.com.br\/cliente\/viewmateria.htm?materiaId%3d58045151%26canalId%3d299002%26clienteId%3dCnarbyozBes%3d%26newsletterId%3dUulOzZku6UQ%3d\">Link 9<\/a>)<\/p><p>2021 &#8211; Panoramas &#8211; Valencia\/Espanha &#8211; Transvoar (<a href=\"https:\/\/files.cercomp.ufg.br\/weby\/up\/777\/o\/lugares_de_transito_LYNNCARONE_FPERICIN_-_338.pdf\">Link 1<\/a>) e (<a href=\"https:\/\/www.arteinformado.com\/agenda\/f\/panorama-exp-2021-200555\">Link 2<\/a>)<\/p><p>2021 &#8211; Mostra Art\u00edstica &#8211; Facetas do Racismo Estrutural (<a href=\"https:\/\/congressoabeh.com.br\/sistema\/congressista\/modulos\/trabalho\/trabalho\/apresentacao\/APRESENTACAO_TRABALHO_EV149_MD3_SA12_ID964_25032021171159.pdf\">Link<\/a>)<\/p><p>2021 &#8211; <span style=\"font-weight: 400;\">&#8216;Emmeio#13.0Contamina\u00e7\u00f5es-WebArt-@3\u2019 (<a href=\"https:\/\/emmeio13.medialab.unb.br\/\">Link<\/a>)<\/span><\/p><p>2021 &#8211; &#8216;Emmeio#13.0Contamina\u00e7\u00f5es -WebArt &#8211; Performance ao vivo &#8211; Ciclicidades (<a href=\"https:\/\/www.youtube.com\/watch?v=C7tuJ4IZ8eM\">Link<\/a>)<\/p><p>2021 &#8211; &#8216;Emmeio#13. White Page Galllery &#8211; Participa\u00e7\u00e3o como artista e coordena\u00e7\u00e3o do projeto (<a href=\"https:\/\/emmeio13.medialab.unb.br\/wpg\">Link 1<\/a>) e (<a href=\"http:\/\/www.whitepagegallery.network\/\">Link 2<\/a>)<\/p>\t\t\t\t\t<\/div>\n\t\t\t\t\t\t<\/div>\n\t\t\t\t<\/div>\n\t\t\t\t\t\t<\/div>\n\t\t\t\t\t<\/div>\n\t\t<\/div>\n\t\t\t\t\t\t\t\t<\/div>\n\t\t\t\t\t<\/div>\n\t\t<\/section>\n\t\t\t\t\t\t\t\t\t<\/div>\n\t\t\t<\/div>\n\t\t\t\t\t<\/div>\n\t\t","protected":false},"excerpt":{"rendered":"<p>Livro Janelas da Imagina\u00e7\u00e3o (Link) 1999 &#8211; Individual em S\u00e3o Bernardo (Link) 2000 &#8211; EM Obra (Link) 2005 &#8211; Atelier do Centro \u2013 Exposi\u00e7\u00e3o Indesejados&#8230;<\/p>\n<div class=\"more-link-wrapper\"><a class=\"more-link\" href=\"https:\/\/lynncarone.com\/home\/clipagem\/\">Continuar Lendo<span class=\"screen-reader-text\">Clipagem<\/span><\/a><\/div>\n","protected":false},"author":4,"featured_media":0,"parent":0,"menu_order":0,"comment_status":"closed","ping_status":"closed","template":"","meta":[],"yoast_head":"<!-- This site is optimized with the Yoast SEO plugin v19.0 - https:\/\/yoast.com\/wordpress\/plugins\/seo\/ -->\n<title>Clipagem - Lynn Carone<\/title>\n<meta name=\"robots\" content=\"index, follow, max-snippet:-1, max-image-preview:large, max-video-preview:-1\" \/>\n<link rel=\"canonical\" href=\"https:\/\/lynncarone.com\/home\/clipagem\/\" \/>\n<meta property=\"og:locale\" content=\"pt_BR\" \/>\n<meta property=\"og:type\" content=\"article\" \/>\n<meta property=\"og:title\" content=\"Clipagem - Lynn Carone\" \/>\n<meta property=\"og:description\" content=\"Livro Janelas da Imagina\u00e7\u00e3o (Link) 1999 &#8211; Individual em S\u00e3o Bernardo (Link) 2000 &#8211; EM Obra (Link) 2005 &#8211; Atelier do Centro \u2013 Exposi\u00e7\u00e3o Indesejados&#8230;\" \/>\n<meta property=\"og:url\" content=\"https:\/\/lynncarone.com\/home\/clipagem\/\" \/>\n<meta property=\"og:site_name\" content=\"Lynn Carone\" \/>\n<meta property=\"article:modified_time\" content=\"2022-06-06T18:19:02+00:00\" \/>\n<meta name=\"twitter:card\" content=\"summary_large_image\" \/>\n<meta name=\"twitter:label1\" content=\"Est. tempo de leitura\" \/>\n\t<meta name=\"twitter:data1\" content=\"3 minutos\" \/>\n<script type=\"application\/ld+json\" class=\"yoast-schema-graph\">{\"@context\":\"https:\/\/schema.org\",\"@graph\":[{\"@type\":[\"Person\",\"Organization\"],\"@id\":\"https:\/\/lynncarone.com\/home\/#\/schema\/person\/62b358248c7f3728d47b3b8a4983b6cb\",\"name\":\"Lynn Carone\",\"image\":{\"@type\":\"ImageObject\",\"inLanguage\":\"pt-BR\",\"@id\":\"https:\/\/lynncarone.com\/home\/#\/schema\/person\/image\/\",\"url\":\"https:\/\/lynncarone.com\/wp-content\/uploads\/2021\/07\/56539157_2331523753751186_6152032844651692032_n.jpg\",\"contentUrl\":\"https:\/\/lynncarone.com\/wp-content\/uploads\/2021\/07\/56539157_2331523753751186_6152032844651692032_n.jpg\",\"width\":2048,\"height\":2047,\"caption\":\"Lynn Carone\"},\"logo\":{\"@id\":\"https:\/\/lynncarone.com\/home\/#\/schema\/person\/image\/\"}},{\"@type\":\"WebSite\",\"@id\":\"https:\/\/lynncarone.com\/home\/#website\",\"url\":\"https:\/\/lynncarone.com\/home\/\",\"name\":\"Lynn Carone\",\"description\":\"Site\",\"publisher\":{\"@id\":\"https:\/\/lynncarone.com\/home\/#\/schema\/person\/62b358248c7f3728d47b3b8a4983b6cb\"},\"potentialAction\":[{\"@type\":\"SearchAction\",\"target\":{\"@type\":\"EntryPoint\",\"urlTemplate\":\"https:\/\/lynncarone.com\/home\/?s={search_term_string}\"},\"query-input\":\"required name=search_term_string\"}],\"inLanguage\":\"pt-BR\"},{\"@type\":\"WebPage\",\"@id\":\"https:\/\/lynncarone.com\/home\/clipagem\/#webpage\",\"url\":\"https:\/\/lynncarone.com\/home\/clipagem\/\",\"name\":\"Clipagem - Lynn Carone\",\"isPartOf\":{\"@id\":\"https:\/\/lynncarone.com\/home\/#website\"},\"datePublished\":\"2022-05-30T11:35:38+00:00\",\"dateModified\":\"2022-06-06T18:19:02+00:00\",\"breadcrumb\":{\"@id\":\"https:\/\/lynncarone.com\/home\/clipagem\/#breadcrumb\"},\"inLanguage\":\"pt-BR\",\"potentialAction\":[{\"@type\":\"ReadAction\",\"target\":[\"https:\/\/lynncarone.com\/home\/clipagem\/\"]}]},{\"@type\":\"BreadcrumbList\",\"@id\":\"https:\/\/lynncarone.com\/home\/clipagem\/#breadcrumb\",\"itemListElement\":[{\"@type\":\"ListItem\",\"position\":1,\"name\":\"Clipagem\"}]}]}<\/script>\n<!-- \/ Yoast SEO plugin. -->","yoast_head_json":{"title":"Clipagem - Lynn Carone","robots":{"index":"index","follow":"follow","max-snippet":"max-snippet:-1","max-image-preview":"max-image-preview:large","max-video-preview":"max-video-preview:-1"},"canonical":"https:\/\/lynncarone.com\/home\/clipagem\/","og_locale":"pt_BR","og_type":"article","og_title":"Clipagem - Lynn Carone","og_description":"Livro Janelas da Imagina\u00e7\u00e3o (Link) 1999 &#8211; Individual em S\u00e3o Bernardo (Link) 2000 &#8211; EM Obra (Link) 2005 &#8211; Atelier do Centro \u2013 Exposi\u00e7\u00e3o Indesejados&#8230;","og_url":"https:\/\/lynncarone.com\/home\/clipagem\/","og_site_name":"Lynn Carone","article_modified_time":"2022-06-06T18:19:02+00:00","twitter_card":"summary_large_image","twitter_misc":{"Est. tempo de leitura":"3 minutos"},"schema":{"@context":"https:\/\/schema.org","@graph":[{"@type":["Person","Organization"],"@id":"https:\/\/lynncarone.com\/home\/#\/schema\/person\/62b358248c7f3728d47b3b8a4983b6cb","name":"Lynn Carone","image":{"@type":"ImageObject","inLanguage":"pt-BR","@id":"https:\/\/lynncarone.com\/home\/#\/schema\/person\/image\/","url":"https:\/\/lynncarone.com\/wp-content\/uploads\/2021\/07\/56539157_2331523753751186_6152032844651692032_n.jpg","contentUrl":"https:\/\/lynncarone.com\/wp-content\/uploads\/2021\/07\/56539157_2331523753751186_6152032844651692032_n.jpg","width":2048,"height":2047,"caption":"Lynn Carone"},"logo":{"@id":"https:\/\/lynncarone.com\/home\/#\/schema\/person\/image\/"}},{"@type":"WebSite","@id":"https:\/\/lynncarone.com\/home\/#website","url":"https:\/\/lynncarone.com\/home\/","name":"Lynn Carone","description":"Site","publisher":{"@id":"https:\/\/lynncarone.com\/home\/#\/schema\/person\/62b358248c7f3728d47b3b8a4983b6cb"},"potentialAction":[{"@type":"SearchAction","target":{"@type":"EntryPoint","urlTemplate":"https:\/\/lynncarone.com\/home\/?s={search_term_string}"},"query-input":"required name=search_term_string"}],"inLanguage":"pt-BR"},{"@type":"WebPage","@id":"https:\/\/lynncarone.com\/home\/clipagem\/#webpage","url":"https:\/\/lynncarone.com\/home\/clipagem\/","name":"Clipagem - Lynn Carone","isPartOf":{"@id":"https:\/\/lynncarone.com\/home\/#website"},"datePublished":"2022-05-30T11:35:38+00:00","dateModified":"2022-06-06T18:19:02+00:00","breadcrumb":{"@id":"https:\/\/lynncarone.com\/home\/clipagem\/#breadcrumb"},"inLanguage":"pt-BR","potentialAction":[{"@type":"ReadAction","target":["https:\/\/lynncarone.com\/home\/clipagem\/"]}]},{"@type":"BreadcrumbList","@id":"https:\/\/lynncarone.com\/home\/clipagem\/#breadcrumb","itemListElement":[{"@type":"ListItem","position":1,"name":"Clipagem"}]}]}},"_links":{"self":[{"href":"https:\/\/lynncarone.com\/home\/wp-json\/wp\/v2\/pages\/1468"}],"collection":[{"href":"https:\/\/lynncarone.com\/home\/wp-json\/wp\/v2\/pages"}],"about":[{"href":"https:\/\/lynncarone.com\/home\/wp-json\/wp\/v2\/types\/page"}],"author":[{"embeddable":true,"href":"https:\/\/lynncarone.com\/home\/wp-json\/wp\/v2\/users\/4"}],"replies":[{"embeddable":true,"href":"https:\/\/lynncarone.com\/home\/wp-json\/wp\/v2\/comments?post=1468"}],"version-history":[{"count":10,"href":"https:\/\/lynncarone.com\/home\/wp-json\/wp\/v2\/pages\/1468\/revisions"}],"predecessor-version":[{"id":1485,"href":"https:\/\/lynncarone.com\/home\/wp-json\/wp\/v2\/pages\/1468\/revisions\/1485"}],"wp:attachment":[{"href":"https:\/\/lynncarone.com\/home\/wp-json\/wp\/v2\/media?parent=1468"}],"curies":[{"name":"wp","href":"https:\/\/api.w.org\/{rel}","templated":true}]}}