{"id":227,"date":"2019-05-10T00:55:46","date_gmt":"2019-05-10T03:55:46","guid":{"rendered":"http:\/\/lynncarone.com\/?page_id=227"},"modified":"2019-12-10T14:58:11","modified_gmt":"2019-12-10T17:58:11","slug":"tecnicas-mistas","status":"publish","type":"page","link":"https:\/\/lynncarone.com\/home\/tecnicas-mistas\/","title":{"rendered":"T\u00e9cnicas Mistas"},"content":{"rendered":"<div class=\"vlp-link-container vlp-layout-basic\"><a href=\"http:\/\/lynncarone.com\/galeria\/herbario-cartografico-das-plantas-do-jardim-do-museu-de-arte-contemporanea-de-campinas\/\" class=\"vlp-link\" title=\"Herb\u00e1rio cartogr\u00e1fico das plantas do jardim do museu de arte contempor\u00e2nea de Campinas\" rel=\"nofollow\" target=\"_blank\"><\/a><div class=\"vlp-layout-zone-side\"><div class=\"vlp-block-2 vlp-link-image\"><img style=\"max-width: 150px;\" width=\"150\" height=\"213\" src=\"https:\/\/lynncarone.com\/wp-content\/uploads\/2019\/05\/5-3.jpg\" class=\"attachment-150x999 size-150x999\" alt=\"\" srcset=\"https:\/\/lynncarone.com\/wp-content\/uploads\/2019\/05\/5-3.jpg 2977w, https:\/\/lynncarone.com\/wp-content\/uploads\/2019\/05\/5-3-212x300.jpg 212w, https:\/\/lynncarone.com\/wp-content\/uploads\/2019\/05\/5-3-768x1088.jpg 768w, https:\/\/lynncarone.com\/wp-content\/uploads\/2019\/05\/5-3-723x1024.jpg 723w, https:\/\/lynncarone.com\/wp-content\/uploads\/2019\/05\/5-3-497x705.jpg 497w\" sizes=\"(max-width: 150px) 100vw, 150px\" \/><\/div><\/div><div class=\"vlp-layout-zone-main\"><div class=\"vlp-block-0 vlp-link-title\">Herb\u00e1rio cartogr\u00e1fico das plantas do jardim do museu de arte contempor\u00e2nea de Campinas<\/div><div class=\"vlp-block-1 vlp-link-summary\">Herbal cartography of the plants of the museum of contemporary art of campinas garden<\/div><\/div><\/div>\n\n<div class=\"vlp-link-container vlp-layout-basic\"><a href=\"http:\/\/lynncarone.com\/galeria\/herbario-cartografico-das-plantas-do-vaso-de-7-ervas-da-galeria-espaco-ophicina\" class=\"vlp-link\" title=\"Herb\u00e1rio cartogr\u00e1fico das plantas do vaso de 7 ervas da galeria espa\u00e7o Ophicina\" rel=\"nofollow\" target=\"_blank\"><\/a><div class=\"vlp-layout-zone-side\"><div class=\"vlp-block-2 vlp-link-image\"><img style=\"max-width: 150px;\" width=\"150\" height=\"204\" src=\"https:\/\/lynncarone.com\/wp-content\/uploads\/2019\/05\/6-2.jpg\" class=\"attachment-150x999 size-150x999\" alt=\"\" srcset=\"https:\/\/lynncarone.com\/wp-content\/uploads\/2019\/05\/6-2.jpg 2542w, https:\/\/lynncarone.com\/wp-content\/uploads\/2019\/05\/6-2-220x300.jpg 220w, https:\/\/lynncarone.com\/wp-content\/uploads\/2019\/05\/6-2-768x1045.jpg 768w, https:\/\/lynncarone.com\/wp-content\/uploads\/2019\/05\/6-2-753x1024.jpg 753w, https:\/\/lynncarone.com\/wp-content\/uploads\/2019\/05\/6-2-518x705.jpg 518w\" sizes=\"(max-width: 150px) 100vw, 150px\" \/><\/div><\/div><div class=\"vlp-layout-zone-main\"><div class=\"vlp-block-0 vlp-link-title\">Herb\u00e1rio cartogr\u00e1fico das plantas do vaso de 7 ervas da galeria espa\u00e7o Ophicina<\/div><div class=\"vlp-block-1 vlp-link-summary\">Herbal cartography of a flowerpot containing the seven herbs of protection in oficina space gallery<\/div><\/div><\/div>\n\n<div class=\"vlp-link-container vlp-layout-basic\"><a href=\"http:\/\/lynncarone.com\/galeria\/herbario-cartografico-das-plantas-do-jardim-da-camara-dos-deputados\/\" class=\"vlp-link\" title=\"Herb\u00e1rio cartogr\u00e1fico das plantas do jardim da c\u00e2mara dos deputados\" rel=\"nofollow\" target=\"_blank\"><\/a><div class=\"vlp-layout-zone-side\"><div class=\"vlp-block-2 vlp-link-image\"><img style=\"max-width: 150px;\" width=\"150\" height=\"106\" src=\"https:\/\/lynncarone.com\/wp-content\/uploads\/2019\/05\/6-1.jpg\" class=\"attachment-150x999 size-150x999\" alt=\"\" srcset=\"https:\/\/lynncarone.com\/wp-content\/uploads\/2019\/05\/6-1.jpg 4078w, https:\/\/lynncarone.com\/wp-content\/uploads\/2019\/05\/6-1-300x212.jpg 300w, https:\/\/lynncarone.com\/wp-content\/uploads\/2019\/05\/6-1-768x543.jpg 768w, https:\/\/lynncarone.com\/wp-content\/uploads\/2019\/05\/6-1-1024x724.jpg 1024w, https:\/\/lynncarone.com\/wp-content\/uploads\/2019\/05\/6-1-940x665.jpg 940w\" sizes=\"(max-width: 150px) 100vw, 150px\" \/><\/div><\/div><div class=\"vlp-layout-zone-main\"><div class=\"vlp-block-0 vlp-link-title\">Herb\u00e1rio cartogr\u00e1fico das plantas do jardim da c\u00e2mara dos deputados<\/div><div class=\"vlp-block-1 vlp-link-summary\">Herbal cartography of the plants of the chamber of deputies Garden<\/div><\/div><\/div>","protected":false},"excerpt":{"rendered":"","protected":false},"author":2,"featured_media":0,"parent":0,"menu_order":0,"comment_status":"closed","ping_status":"closed","template":"","meta":[],"yoast_head":"<!-- This site is optimized with the Yoast SEO plugin v19.0 - https:\/\/yoast.com\/wordpress\/plugins\/seo\/ -->\n<title>T\u00e9cnicas Mistas - Lynn Carone<\/title>\n<meta name=\"robots\" content=\"index, follow, max-snippet:-1, max-image-preview:large, max-video-preview:-1\" \/>\n<link rel=\"canonical\" href=\"https:\/\/lynncarone.com\/home\/tecnicas-mistas\/\" \/>\n<meta property=\"og:locale\" content=\"pt_BR\" \/>\n<meta property=\"og:type\" content=\"article\" \/>\n<meta property=\"og:title\" content=\"T\u00e9cnicas Mistas - Lynn Carone\" \/>\n<meta property=\"og:url\" content=\"https:\/\/lynncarone.com\/home\/tecnicas-mistas\/\" \/>\n<meta property=\"og:site_name\" content=\"Lynn Carone\" \/>\n<meta property=\"article:modified_time\" content=\"2019-12-10T17:58:11+00:00\" \/>\n<meta property=\"og:image\" content=\"http:\/\/lynncarone.com\/wp-content\/uploads\/2019\/05\/5-3.jpg\" \/>\n<meta name=\"twitter:card\" content=\"summary_large_image\" \/>\n<script type=\"application\/ld+json\" class=\"yoast-schema-graph\">{\"@context\":\"https:\/\/schema.org\",\"@graph\":[{\"@type\":[\"Person\",\"Organization\"],\"@id\":\"https:\/\/lynncarone.com\/home\/#\/schema\/person\/62b358248c7f3728d47b3b8a4983b6cb\",\"name\":\"Lynn Carone\",\"image\":{\"@type\":\"ImageObject\",\"inLanguage\":\"pt-BR\",\"@id\":\"https:\/\/lynncarone.com\/home\/#\/schema\/person\/image\/\",\"url\":\"https:\/\/lynncarone.com\/wp-content\/uploads\/2021\/07\/56539157_2331523753751186_6152032844651692032_n.jpg\",\"contentUrl\":\"https:\/\/lynncarone.com\/wp-content\/uploads\/2021\/07\/56539157_2331523753751186_6152032844651692032_n.jpg\",\"width\":2048,\"height\":2047,\"caption\":\"Lynn Carone\"},\"logo\":{\"@id\":\"https:\/\/lynncarone.com\/home\/#\/schema\/person\/image\/\"}},{\"@type\":\"WebSite\",\"@id\":\"https:\/\/lynncarone.com\/home\/#website\",\"url\":\"https:\/\/lynncarone.com\/home\/\",\"name\":\"Lynn Carone\",\"description\":\"Site\",\"publisher\":{\"@id\":\"https:\/\/lynncarone.com\/home\/#\/schema\/person\/62b358248c7f3728d47b3b8a4983b6cb\"},\"potentialAction\":[{\"@type\":\"SearchAction\",\"target\":{\"@type\":\"EntryPoint\",\"urlTemplate\":\"https:\/\/lynncarone.com\/home\/?s={search_term_string}\"},\"query-input\":\"required name=search_term_string\"}],\"inLanguage\":\"pt-BR\"},{\"@type\":\"ImageObject\",\"inLanguage\":\"pt-BR\",\"@id\":\"https:\/\/lynncarone.com\/home\/tecnicas-mistas\/#primaryimage\",\"url\":\"http:\/\/lynncarone.com\/wp-content\/uploads\/2019\/05\/5-3.jpg\",\"contentUrl\":\"http:\/\/lynncarone.com\/wp-content\/uploads\/2019\/05\/5-3.jpg\"},{\"@type\":\"WebPage\",\"@id\":\"https:\/\/lynncarone.com\/home\/tecnicas-mistas\/#webpage\",\"url\":\"https:\/\/lynncarone.com\/home\/tecnicas-mistas\/\",\"name\":\"T\u00e9cnicas Mistas - Lynn Carone\",\"isPartOf\":{\"@id\":\"https:\/\/lynncarone.com\/home\/#website\"},\"primaryImageOfPage\":{\"@id\":\"https:\/\/lynncarone.com\/home\/tecnicas-mistas\/#primaryimage\"},\"datePublished\":\"2019-05-10T03:55:46+00:00\",\"dateModified\":\"2019-12-10T17:58:11+00:00\",\"breadcrumb\":{\"@id\":\"https:\/\/lynncarone.com\/home\/tecnicas-mistas\/#breadcrumb\"},\"inLanguage\":\"pt-BR\",\"potentialAction\":[{\"@type\":\"ReadAction\",\"target\":[\"https:\/\/lynncarone.com\/home\/tecnicas-mistas\/\"]}]},{\"@type\":\"BreadcrumbList\",\"@id\":\"https:\/\/lynncarone.com\/home\/tecnicas-mistas\/#breadcrumb\",\"itemListElement\":[{\"@type\":\"ListItem\",\"position\":1,\"name\":\"T\u00e9cnicas Mistas\"}]}]}<\/script>\n<!-- \/ Yoast SEO plugin. -->","yoast_head_json":{"title":"T\u00e9cnicas Mistas - Lynn Carone","robots":{"index":"index","follow":"follow","max-snippet":"max-snippet:-1","max-image-preview":"max-image-preview:large","max-video-preview":"max-video-preview:-1"},"canonical":"https:\/\/lynncarone.com\/home\/tecnicas-mistas\/","og_locale":"pt_BR","og_type":"article","og_title":"T\u00e9cnicas Mistas - Lynn Carone","og_url":"https:\/\/lynncarone.com\/home\/tecnicas-mistas\/","og_site_name":"Lynn Carone","article_modified_time":"2019-12-10T17:58:11+00:00","og_image":[{"url":"http:\/\/lynncarone.com\/wp-content\/uploads\/2019\/05\/5-3.jpg"}],"twitter_card":"summary_large_image","schema":{"@context":"https:\/\/schema.org","@graph":[{"@type":["Person","Organization"],"@id":"https:\/\/lynncarone.com\/home\/#\/schema\/person\/62b358248c7f3728d47b3b8a4983b6cb","name":"Lynn Carone","image":{"@type":"ImageObject","inLanguage":"pt-BR","@id":"https:\/\/lynncarone.com\/home\/#\/schema\/person\/image\/","url":"https:\/\/lynncarone.com\/wp-content\/uploads\/2021\/07\/56539157_2331523753751186_6152032844651692032_n.jpg","contentUrl":"https:\/\/lynncarone.com\/wp-content\/uploads\/2021\/07\/56539157_2331523753751186_6152032844651692032_n.jpg","width":2048,"height":2047,"caption":"Lynn Carone"},"logo":{"@id":"https:\/\/lynncarone.com\/home\/#\/schema\/person\/image\/"}},{"@type":"WebSite","@id":"https:\/\/lynncarone.com\/home\/#website","url":"https:\/\/lynncarone.com\/home\/","name":"Lynn Carone","description":"Site","publisher":{"@id":"https:\/\/lynncarone.com\/home\/#\/schema\/person\/62b358248c7f3728d47b3b8a4983b6cb"},"potentialAction":[{"@type":"SearchAction","target":{"@type":"EntryPoint","urlTemplate":"https:\/\/lynncarone.com\/home\/?s={search_term_string}"},"query-input":"required name=search_term_string"}],"inLanguage":"pt-BR"},{"@type":"ImageObject","inLanguage":"pt-BR","@id":"https:\/\/lynncarone.com\/home\/tecnicas-mistas\/#primaryimage","url":"http:\/\/lynncarone.com\/wp-content\/uploads\/2019\/05\/5-3.jpg","contentUrl":"http:\/\/lynncarone.com\/wp-content\/uploads\/2019\/05\/5-3.jpg"},{"@type":"WebPage","@id":"https:\/\/lynncarone.com\/home\/tecnicas-mistas\/#webpage","url":"https:\/\/lynncarone.com\/home\/tecnicas-mistas\/","name":"T\u00e9cnicas Mistas - Lynn Carone","isPartOf":{"@id":"https:\/\/lynncarone.com\/home\/#website"},"primaryImageOfPage":{"@id":"https:\/\/lynncarone.com\/home\/tecnicas-mistas\/#primaryimage"},"datePublished":"2019-05-10T03:55:46+00:00","dateModified":"2019-12-10T17:58:11+00:00","breadcrumb":{"@id":"https:\/\/lynncarone.com\/home\/tecnicas-mistas\/#breadcrumb"},"inLanguage":"pt-BR","potentialAction":[{"@type":"ReadAction","target":["https:\/\/lynncarone.com\/home\/tecnicas-mistas\/"]}]},{"@type":"BreadcrumbList","@id":"https:\/\/lynncarone.com\/home\/tecnicas-mistas\/#breadcrumb","itemListElement":[{"@type":"ListItem","position":1,"name":"T\u00e9cnicas Mistas"}]}]}},"_links":{"self":[{"href":"https:\/\/lynncarone.com\/home\/wp-json\/wp\/v2\/pages\/227"}],"collection":[{"href":"https:\/\/lynncarone.com\/home\/wp-json\/wp\/v2\/pages"}],"about":[{"href":"https:\/\/lynncarone.com\/home\/wp-json\/wp\/v2\/types\/page"}],"author":[{"embeddable":true,"href":"https:\/\/lynncarone.com\/home\/wp-json\/wp\/v2\/users\/2"}],"replies":[{"embeddable":true,"href":"https:\/\/lynncarone.com\/home\/wp-json\/wp\/v2\/comments?post=227"}],"version-history":[{"count":4,"href":"https:\/\/lynncarone.com\/home\/wp-json\/wp\/v2\/pages\/227\/revisions"}],"predecessor-version":[{"id":794,"href":"https:\/\/lynncarone.com\/home\/wp-json\/wp\/v2\/pages\/227\/revisions\/794"}],"wp:attachment":[{"href":"https:\/\/lynncarone.com\/home\/wp-json\/wp\/v2\/media?parent=227"}],"curies":[{"name":"wp","href":"https:\/\/api.w.org\/{rel}","templated":true}]}}