{"id":25,"date":"2019-04-26T23:43:08","date_gmt":"2019-04-27T02:43:08","guid":{"rendered":"http:\/\/lynncarone.com\/?page_id=25"},"modified":"2021-07-18T10:35:29","modified_gmt":"2021-07-18T13:35:29","slug":"bio","status":"publish","type":"page","link":"https:\/\/lynncarone.com\/home\/bio\/","title":{"rendered":"Bio"},"content":{"rendered":"<p><span style=\"font-weight: 400;\">Lynn Carone \u00e9 natural de Los Angeles, EUA, naturalizada brasileira. Graduou-se como artista na Faap, Funda\u00e7\u00e3o Armando \u00c1lvares Penteado em 1988 e viveu em S\u00e3o Paulo at\u00e9 2017. Atualmente vive em Bras\u00edlia e \u00e9 mestranda no programa de P\u00f3s Gradua\u00e7\u00e3o em Artes visuais na linha de Artes e Tecnologia na Universidade de Bras\u00edlia, onde lecionou de 2018 \u00e0 2020, como professora substituta. \u00c9 arte educadora, formadora de professores e designer de joias.<\/span><\/p>\n<p><span style=\"font-weight: 400;\">Frequentou cursos de forma\u00e7\u00e3o com diversos artistas como Carlos Fajardo, Edith Derdik, Carmela Gross, Nuno Ramos, Evandro Carlos Jardim, Suzette Venturelli, Denise Camargo, entre outros.<\/span><\/p>\n<p><span style=\"font-weight: 400;\">Desenvolveu projetos e participou de coletivos em parceria com artistas, tais como \u201cEspa\u00e7o comum\u201d, Espa\u00e7o conex\u00e3o\u201d, \u201cAtelier das quatro\u201d, Ritos baldios\u201d, \u201cLinha imagin\u00e1ria\u201d, \u201c Tempo, espa\u00e7o e lugares\u201d, Coletiva \u201cNovembro\u201d, \u201dUma mulher por metro quadrado\u201d, \u201cCorrespond\u00eancias\u201d, @3\u2019e coletivo L\u00e2mina, entre outros.\u00a0<\/span><\/p>\n<p><span style=\"font-weight: 400;\">Participou de diversas exposi\u00e7\u00f5es, editais de arte e sal\u00f5es pelo Brasil desde 1998, como Pa\u00e7o das Artes, Galeria Espa\u00e7o oPHicina, Atelier 397, Esta\u00e7\u00e3o J\u00falio Prestes, Museu do Mackenzie, SESC Pompeia, Casa Contempor\u00e2nea e Museu Espa\u00e7os das Artes da Universidade de S\u00e3o Paulo em S\u00e3o Paulo, Museu de Arte Contempor\u00e2nea de Curitiba e de Campinas, Galeria da Universidade Federal de Minas Gerais, Museu de Artes de Ribeir\u00e3o Preto, Galeria Espa\u00e7o Politheama em Jundia\u00ed, Galeria da C\u00e2mara de Bras\u00edlia, Casa de Cultura da am\u00e9rica Latina do DF( CAO), Pinacoteca de Sorocaba, Galeria \u00cdndigo\/ Bragan\u00e7a Paulista, Casa de Vidro\/Capinas, Esta\u00e7\u00e3o do Metr\u00f4 de S\u00e3o Paulo, Festival de Paranapiacaba\/SP, Unibes Cultural\/Sp. Participou dos Sal\u00f5es de artes de Piracicaba e do Amap\u00e1.<\/span><\/p>\n<p><span style=\"font-weight: 400;\">Realizou exposi\u00e7\u00f5es individuais como: \u201c Correspond\u00eancias\u201d, no centro cultural da c\u00e2mara dos deputados em Bras\u00edlia, Funda\u00e7\u00e3o Alice Sailer\u00a0 e \u201cCiclos\u201d no centro cultural Henfil em S\u00e3o Bernardo do Campo.<\/span><\/p>\n<p><span style=\"font-weight: 400;\">Tamb\u00e9m participou de exposi\u00e7\u00f5es internacionais como o projeto \u201c Fish eye\u201d em Cardiff no pa\u00eds de Gales pelo projeto Linha imagin\u00e1ria, do semin\u00e1rio internacional de Arte e Natureza, da exposi\u00e7\u00e3o Panoramas 2021, Valencia Espanha, e as exposi\u00e7\u00f5es Emmeio12# e Emme13# , parte do mesmo evento internacional.<\/span><\/p>\n<p><span style=\"font-weight: 400;\">Coordenou as exposi\u00e7\u00f5es online, Intersec\u00e7\u00f5es, IN.stante e Intang\u00edvel mat\u00e9ria sens\u00edvel e a White Page Gallery.<\/span><\/p>\n<p><span style=\"font-weight: 400;\">A partir do ano de 2014 a gravura em metal, \u201co que \u00e9 meu, o que \u00e9 seu, o que \u00e9 nosso\u201d passou a fazer parte do acervo da Pinacoteca de S\u00e3o Paulo e em 2019 a obra \u201cNa lata\u201d foi adquirida para o acervo da Galeria 10, do centro cultural da C\u00e2mara dos deputados \/Bras\u00edlia\/DF.<\/span><\/p>\n","protected":false},"excerpt":{"rendered":"<p>Lynn Carone \u00e9 natural de Los Angeles, EUA, naturalizada brasileira. Graduou-se como artista na Faap, Funda\u00e7\u00e3o Armando \u00c1lvares Penteado em 1988 e viveu em S\u00e3o&#8230;<\/p>\n<div class=\"more-link-wrapper\"><a class=\"more-link\" href=\"https:\/\/lynncarone.com\/home\/bio\/\">Continuar Lendo<span class=\"screen-reader-text\">Bio<\/span><\/a><\/div>\n","protected":false},"author":2,"featured_media":0,"parent":0,"menu_order":0,"comment_status":"closed","ping_status":"closed","template":"","meta":[],"yoast_head":"<!-- This site is optimized with the Yoast SEO plugin v19.0 - https:\/\/yoast.com\/wordpress\/plugins\/seo\/ -->\n<title>Bio - Lynn Carone<\/title>\n<meta name=\"robots\" content=\"index, follow, max-snippet:-1, max-image-preview:large, max-video-preview:-1\" \/>\n<link rel=\"canonical\" href=\"https:\/\/lynncarone.com\/home\/bio\/\" \/>\n<meta property=\"og:locale\" content=\"pt_BR\" \/>\n<meta property=\"og:type\" content=\"article\" \/>\n<meta property=\"og:title\" content=\"Bio - Lynn Carone\" \/>\n<meta property=\"og:description\" content=\"Lynn Carone \u00e9 natural de Los Angeles, EUA, naturalizada brasileira. Graduou-se como artista na Faap, Funda\u00e7\u00e3o Armando \u00c1lvares Penteado em 1988 e viveu em S\u00e3o&#8230;\" \/>\n<meta property=\"og:url\" content=\"https:\/\/lynncarone.com\/home\/bio\/\" \/>\n<meta property=\"og:site_name\" content=\"Lynn Carone\" \/>\n<meta property=\"article:modified_time\" content=\"2021-07-18T13:35:29+00:00\" \/>\n<meta name=\"twitter:card\" content=\"summary_large_image\" \/>\n<meta name=\"twitter:label1\" content=\"Est. tempo de leitura\" \/>\n\t<meta name=\"twitter:data1\" content=\"2 minutos\" \/>\n<script type=\"application\/ld+json\" class=\"yoast-schema-graph\">{\"@context\":\"https:\/\/schema.org\",\"@graph\":[{\"@type\":[\"Person\",\"Organization\"],\"@id\":\"https:\/\/lynncarone.com\/home\/#\/schema\/person\/62b358248c7f3728d47b3b8a4983b6cb\",\"name\":\"Lynn Carone\",\"image\":{\"@type\":\"ImageObject\",\"inLanguage\":\"pt-BR\",\"@id\":\"https:\/\/lynncarone.com\/home\/#\/schema\/person\/image\/\",\"url\":\"https:\/\/lynncarone.com\/wp-content\/uploads\/2021\/07\/56539157_2331523753751186_6152032844651692032_n.jpg\",\"contentUrl\":\"https:\/\/lynncarone.com\/wp-content\/uploads\/2021\/07\/56539157_2331523753751186_6152032844651692032_n.jpg\",\"width\":2048,\"height\":2047,\"caption\":\"Lynn Carone\"},\"logo\":{\"@id\":\"https:\/\/lynncarone.com\/home\/#\/schema\/person\/image\/\"}},{\"@type\":\"WebSite\",\"@id\":\"https:\/\/lynncarone.com\/home\/#website\",\"url\":\"https:\/\/lynncarone.com\/home\/\",\"name\":\"Lynn Carone\",\"description\":\"Site\",\"publisher\":{\"@id\":\"https:\/\/lynncarone.com\/home\/#\/schema\/person\/62b358248c7f3728d47b3b8a4983b6cb\"},\"potentialAction\":[{\"@type\":\"SearchAction\",\"target\":{\"@type\":\"EntryPoint\",\"urlTemplate\":\"https:\/\/lynncarone.com\/home\/?s={search_term_string}\"},\"query-input\":\"required name=search_term_string\"}],\"inLanguage\":\"pt-BR\"},{\"@type\":\"WebPage\",\"@id\":\"https:\/\/lynncarone.com\/home\/bio\/#webpage\",\"url\":\"https:\/\/lynncarone.com\/home\/bio\/\",\"name\":\"Bio - Lynn Carone\",\"isPartOf\":{\"@id\":\"https:\/\/lynncarone.com\/home\/#website\"},\"datePublished\":\"2019-04-27T02:43:08+00:00\",\"dateModified\":\"2021-07-18T13:35:29+00:00\",\"breadcrumb\":{\"@id\":\"https:\/\/lynncarone.com\/home\/bio\/#breadcrumb\"},\"inLanguage\":\"pt-BR\",\"potentialAction\":[{\"@type\":\"ReadAction\",\"target\":[\"https:\/\/lynncarone.com\/home\/bio\/\"]}]},{\"@type\":\"BreadcrumbList\",\"@id\":\"https:\/\/lynncarone.com\/home\/bio\/#breadcrumb\",\"itemListElement\":[{\"@type\":\"ListItem\",\"position\":1,\"name\":\"Bio\"}]}]}<\/script>\n<!-- \/ Yoast SEO plugin. -->","yoast_head_json":{"title":"Bio - Lynn Carone","robots":{"index":"index","follow":"follow","max-snippet":"max-snippet:-1","max-image-preview":"max-image-preview:large","max-video-preview":"max-video-preview:-1"},"canonical":"https:\/\/lynncarone.com\/home\/bio\/","og_locale":"pt_BR","og_type":"article","og_title":"Bio - Lynn Carone","og_description":"Lynn Carone \u00e9 natural de Los Angeles, EUA, naturalizada brasileira. Graduou-se como artista na Faap, Funda\u00e7\u00e3o Armando \u00c1lvares Penteado em 1988 e viveu em S\u00e3o&#8230;","og_url":"https:\/\/lynncarone.com\/home\/bio\/","og_site_name":"Lynn Carone","article_modified_time":"2021-07-18T13:35:29+00:00","twitter_card":"summary_large_image","twitter_misc":{"Est. tempo de leitura":"2 minutos"},"schema":{"@context":"https:\/\/schema.org","@graph":[{"@type":["Person","Organization"],"@id":"https:\/\/lynncarone.com\/home\/#\/schema\/person\/62b358248c7f3728d47b3b8a4983b6cb","name":"Lynn Carone","image":{"@type":"ImageObject","inLanguage":"pt-BR","@id":"https:\/\/lynncarone.com\/home\/#\/schema\/person\/image\/","url":"https:\/\/lynncarone.com\/wp-content\/uploads\/2021\/07\/56539157_2331523753751186_6152032844651692032_n.jpg","contentUrl":"https:\/\/lynncarone.com\/wp-content\/uploads\/2021\/07\/56539157_2331523753751186_6152032844651692032_n.jpg","width":2048,"height":2047,"caption":"Lynn Carone"},"logo":{"@id":"https:\/\/lynncarone.com\/home\/#\/schema\/person\/image\/"}},{"@type":"WebSite","@id":"https:\/\/lynncarone.com\/home\/#website","url":"https:\/\/lynncarone.com\/home\/","name":"Lynn Carone","description":"Site","publisher":{"@id":"https:\/\/lynncarone.com\/home\/#\/schema\/person\/62b358248c7f3728d47b3b8a4983b6cb"},"potentialAction":[{"@type":"SearchAction","target":{"@type":"EntryPoint","urlTemplate":"https:\/\/lynncarone.com\/home\/?s={search_term_string}"},"query-input":"required name=search_term_string"}],"inLanguage":"pt-BR"},{"@type":"WebPage","@id":"https:\/\/lynncarone.com\/home\/bio\/#webpage","url":"https:\/\/lynncarone.com\/home\/bio\/","name":"Bio - Lynn Carone","isPartOf":{"@id":"https:\/\/lynncarone.com\/home\/#website"},"datePublished":"2019-04-27T02:43:08+00:00","dateModified":"2021-07-18T13:35:29+00:00","breadcrumb":{"@id":"https:\/\/lynncarone.com\/home\/bio\/#breadcrumb"},"inLanguage":"pt-BR","potentialAction":[{"@type":"ReadAction","target":["https:\/\/lynncarone.com\/home\/bio\/"]}]},{"@type":"BreadcrumbList","@id":"https:\/\/lynncarone.com\/home\/bio\/#breadcrumb","itemListElement":[{"@type":"ListItem","position":1,"name":"Bio"}]}]}},"_links":{"self":[{"href":"https:\/\/lynncarone.com\/home\/wp-json\/wp\/v2\/pages\/25"}],"collection":[{"href":"https:\/\/lynncarone.com\/home\/wp-json\/wp\/v2\/pages"}],"about":[{"href":"https:\/\/lynncarone.com\/home\/wp-json\/wp\/v2\/types\/page"}],"author":[{"embeddable":true,"href":"https:\/\/lynncarone.com\/home\/wp-json\/wp\/v2\/users\/2"}],"replies":[{"embeddable":true,"href":"https:\/\/lynncarone.com\/home\/wp-json\/wp\/v2\/comments?post=25"}],"version-history":[{"count":16,"href":"https:\/\/lynncarone.com\/home\/wp-json\/wp\/v2\/pages\/25\/revisions"}],"predecessor-version":[{"id":1215,"href":"https:\/\/lynncarone.com\/home\/wp-json\/wp\/v2\/pages\/25\/revisions\/1215"}],"wp:attachment":[{"href":"https:\/\/lynncarone.com\/home\/wp-json\/wp\/v2\/media?parent=25"}],"curies":[{"name":"wp","href":"https:\/\/api.w.org\/{rel}","templated":true}]}}