{"id":328,"date":"2019-06-14T01:10:35","date_gmt":"2019-06-14T04:10:35","guid":{"rendered":"http:\/\/lynncarone.com\/?page_id=328"},"modified":"2021-08-27T15:40:13","modified_gmt":"2021-08-27T18:40:13","slug":"exposicoes","status":"publish","type":"page","link":"https:\/\/lynncarone.com\/home\/exposicoes\/","title":{"rendered":"Exposi\u00e7\u00f5es"},"content":{"rendered":"<p><strong>Exposi\u00e7\u00f5es individuais<\/strong><\/p>\n<ul>\n<li>2019 <span style=\"font-weight: 400;\">\u2014<\/span> <span style=\"font-weight: 400;\">Exposi\u00e7\u00e3o \u201cCorrespond\u00eancias\u201d &#8211; Centro Cultural da C\u00e2mara dos deputados \u2013 Bras\u00edlia.<\/span><\/li>\n<li>2019 <span style=\"font-weight: 400;\">\u2014<\/span> <span style=\"font-weight: 400;\">Exposi\u00e7\u00e3o &#8211; FAS &#8211; Funda\u00e7\u00e3o Alice Sailer \u2013 Blumenau.<\/span><\/li>\n<li><span style=\"font-weight: 400;\">1999 \u2014 C\u00e2mara de Cultura (Centro Henfil de Cultura) Prefeitura de S\u00e3o Bernardo <\/span><span style=\"font-weight: 400;\">\u201cCiclos\u201d &#8211; Artista selecionada para o Programa Anual de Exposi\u00e7\u00f5es.<\/span><\/li>\n<\/ul>\n<p><strong>Exposi\u00e7\u00f5es internacionais<\/strong><\/p>\n<ul>\n<li>2021 <span style=\"font-weight: 400;\">\u2014<\/span> <a href=\"http:\/\/www.aniav.org\/aniav\/index.php\/exposicion-panorama_exp\/\">Panoramas &#8211; Valencia\/Espanha &#8211; &#8220;Transvoar&#8221; &#8211; (Acesse)<\/a><\/li>\n<li>2021 <span style=\"font-weight: 400;\">\u2014<\/span>\u00a0<span style=\"font-weight: 400;\">Mostra Art\u00edstica &#8211; X Congresso Internacional de diversidade sexual, eetnicoracial e de g\u00eanero &#8211; s\u00e3o muitas camadas &#8211; facetas do racismo estrutural.<\/span><\/li>\n<li>2021 <span style=\"font-weight: 400;\">\u2014<\/span> <a href=\"https:\/\/emmeio13.medialab.unb.br\/\"><span style=\"font-weight: 400;\">&#8216;Emmeio#13.0Contamina\u00e7\u00f5es-WebArt-@3\u2019 &#8211; (Acesse)<\/span><\/a><\/li>\n<li>2021 <span style=\"font-weight: 400;\">\u2014<\/span> <a href=\"https:\/\/www.youtube.com\/watch?v=C7tuJ4IZ8eM\"><span style=\"font-weight: 400;\">&#8216;Emmeio#13.0Contamina\u00e7\u00f5es &#8211; WebArt &#8211; Performance ao vivo &#8211; Ciclicidades &#8211; (Acesse)<\/span><\/a><\/li>\n<li>2021 <span style=\"font-weight: 400;\">\u2014<\/span> <a href=\"https:\/\/emmeio13.medialab.unb.br\/wpg\"><span style=\"font-weight: 400;\">&#8216;Emmeio#13.0Contamina\u00e7\u00f5es &#8211; White Page Gallery &#8211;\u00a0participa\u00e7\u00e3o como artista e coordena\u00e7\u00e3o do projeto &#8211;\u00a0 (Acesse)<\/span><\/a><\/li>\n<li>2020 <span style=\"font-weight: 400;\">\u2014<\/span> <a href=\"https:\/\/emmeio12.medialab.unb.br\/\"><span style=\"font-weight: 400;\">&#8216;Emmeio#12.0Entrela\u00e7amentos&#8217; &#8211; WebArt &#8211; \u201cRonda\u201d &#8211; videoperformance \u2013 videoperformance &#8211; (Acesse)<\/span><\/a><\/li>\n<li>2017 <span style=\"font-weight: 400;\">\u2014<\/span> <span style=\"font-weight: 400;\">III semin\u00e1rio internacional de arte e natureza. Exposi\u00e7\u00e3o no Espa\u00e7o das artes, antigo Museu de Arte Contempor\u00e2nea USP-SP &#8211; curadoria de Hugo Fortes e Jessica Ulinch.<\/span><\/li>\n<li>2014 <span style=\"font-weight: 400;\">\u2014<\/span> <span style=\"font-weight: 400;\">II Semin\u00e1rio Internacional de Arte e Natureza \u2013 SP &#8211; curadoria de Hugo Fortes e Jessica Ulinch &#8211; Biblioteca Brasiliana USP &#8211; Mostra internacional de v\u00eddeos, S\u00e3o Paulo, SP.<\/span><\/li>\n<li>2003 <span style=\"font-weight: 400;\">\u2014<\/span> <span style=\"font-weight: 400;\">Projeto Linha Imagin\u00e1ria &#8211; \u201cFish Eye Project\u201d &#8211; Cardiff Walles \u2013 Reino Unido.<\/span><\/li>\n<\/ul>\n<p><strong>Obras em acervo<\/strong><\/p>\n<ul>\n<li>2019 <span style=\"font-weight: 400;\">\u2014<\/span> <span style=\"font-weight: 400;\">Aquisi\u00e7\u00e3o acervo galeria dez- c\u00e2mara dos deputados- fotografia \u201cNa lata\u201d.<\/span><\/li>\n<li>2014 <span style=\"font-weight: 400;\">\u2014<\/span> <a href=\"https:\/\/pinacoteca.org.br\/acervo\/obras\/\"><span style=\"font-weight: 400;\">Aquisi\u00e7\u00e3o \u2013Pinacoteca de SP &#8211; da s\u00e9rie de gravuras \u201cFluxos de Encontros\u201d \u2013 \u201cO que \u00e9 meu o que \u00e9 seu o que \u00e9 nosso\u201d- \u00e1gua forte e \u00e1gua tinta sobre papel de algod\u00e3o &#8211; (Acesse)<\/span><\/a><\/li>\n<li>2014 <span style=\"font-weight: 400;\">\u2014<\/span> <a href=\"http:\/\/acervo.bn.gov.br\/sophia_web\/acervo\/detalhe\/1022751\"><span style=\"font-weight: 400;\">Aquisi\u00e7\u00e3o \u2013Biblioteca Nacional do Rio de Janeiro- da s\u00e9rie de gravuras \u201cFluxos de Encontros\u201d \u2013 \u201cO que \u00e9 meu o que \u00e9 seu o que \u00e9 nosso\u201d- \u00e1gua forte e \u00e1gua tinta sobre papel de algod\u00e30 &#8211; (Acesse)<\/span><\/a>\u00a0<\/li>\n<\/ul>\n<p><strong>Exposi\u00e7\u00f5es Coletivas<\/strong><\/p>\n<ul>\n<li>2021 <span style=\"font-weight: 400;\">\u2014<\/span> <span style=\"font-weight: 400;\">Exposi\u00e7\u00e3o \u201cAmanh\u00e3 serei Raiz &#8211; Unibes Cultural \u2013 SP<\/span><\/li>\n<li>2021 <span style=\"font-weight: 400;\">\u2014<\/span> <span style=\"font-weight: 400;\">Exposi\u00e7\u00e3o \u201cPontos de fuga\u201d &#8211; Festival de Fotografia de Paranapiacaba\/SP<\/span><\/li>\n<li>2021 <span style=\"font-weight: 400;\">\u2014<\/span> Exposi\u00e7\u00e3o \u201cPontos de Fuga\u201d <span style=\"font-weight: 400;\">&#8211;<\/span> Metr\u00f4 <span style=\"font-weight: 400;\">&#8211;<\/span> Esta\u00e7\u00e3o Cl\u00ednicas <span style=\"font-weight: 400;\">&#8211;<\/span> SP <span style=\"font-weight: 400;\">&#8211;<\/span> coletivo 1mulher por M2<\/li>\n<li>2020 <span style=\"font-weight: 400;\">\u2014<\/span> <span style=\"font-weight: 400;\">Exposi\u00e7\u00e3o \u201cPontos de Fuga\u201d &#8211; Metr\u00f4 &#8211; Esta\u00e7\u00e3o Cl\u00ednicas &#8211; SP &#8211; coletivo 1mulher por M2<\/span><\/li>\n<li>2020 <span style=\"font-weight: 400;\">\u2014<\/span> <a href=\"https:\/\/biblioteca.metrosp.com.br\/index.php\/ptbr\/linha-da-cultura\/359-linha-visuais\/797-mulheresm2\"><span style=\"font-weight: 400;\">Exposi\u00e7\u00e3o \u201cPontos de Fuga\u201d &#8211; Metr\u00f4 &#8211; Linha de cultura &#8211; Exposi\u00e7\u00e3o Virtual &#8211; SP &#8211; Coletivo 1mulher por M2<\/span><\/a><\/li>\n<li>2020 <span style=\"font-weight: 400;\">\u2014<\/span> <a href=\"http:\/\/www.1mulherporm2.com\"><span style=\"font-weight: 400;\">Exposi\u00e7\u00e3o \u201cPontos de Fuga\u201d &#8211; Metr\u00f4 &#8211; Web art &#8211; Exposi\u00e7\u00e3o Virtual em formato de game interativo &#8211; SP &#8211; Coletivo 1mulher por M2<\/span><\/a><\/li>\n<li>2020 <span style=\"font-weight: 400;\">\u2014 Mostra a tua arte \u2013 interven\u00e7\u00e3o Urbana \u2013 Taguatinga\/DF @Mostra tua arte \u2013 Bel\u00e9m.<\/span><\/li>\n<li>2020 <span style=\"font-weight: 400;\">\u2014 Exposi\u00e7\u00e3o \u201c1 Mulher por M2\u201d &#8211; coletiva itinerante com 35 artistas mulheres &#8211; Casa De Vidro &#8211; Campinas-SP.<\/span><\/li>\n<li>2019 <span style=\"font-weight: 400;\">\u2014 Exposi\u00e7\u00e3o \u201c1 Mulher por M2\u201d &#8211; coletiva itinerante com 33 artistas mulheres &#8211; Galeria Espa\u00e7o Ophicina &#8211; S\u00e3o Paulo; Galeria \u00cdndigo-Bragan\u00e7a Paulista; Pinacoteca de Sorocaba &#8211; SP; Centro Cultural Adamastor-Guarulhos\/SP.<\/span><\/li>\n<li>2019 <span style=\"font-weight: 400;\">\u2014 Exposi\u00e7\u00e3o Atentx e Fortes- 50 anos de Stonewall &#8211; Galeria Casa de Cultura da Am\u00e9rica Latina &#8211; UNB.<\/span><\/li>\n<li>2019 <span style=\"font-weight: 400;\">\u2014 Coletiva Novembro &#8211; #OnBehalfofBrazil &#8211; interven\u00e7\u00f5es urbanas em S\u00e3o Paulo &#8211; curadoria Julieta Schildknecht.<\/span><\/li>\n<li>2016 <span style=\"font-weight: 400;\">\u2014 \u201cO desejo do Outro\u201d &#8211; Galeria espa\u00e7o Ophicina, S\u00e3o Paulo\/SP.<\/span><\/li>\n<li>2016 <span style=\"font-weight: 400;\">\u2014 #Pr\u00e9loca\u00e7\u00e3o &#8211; ocupa\u00e7\u00e3o com 16 art\u00edsticas &#8211; Evento de arte ou evento art\u00edstico? Espa\u00e7o EUROPA 614.<\/span><\/li>\n<li>2016 <span style=\"font-weight: 400;\">\u2014 Exposi\u00e7\u00e3o \u201cMeu corpo, minhas regras\u201d &#8211; mostra coletiva contra viol\u00eancia de g\u00eanero &#8211; curadoria Vera Vaz \u2013 Espa\u00e7o EUROPA 614, S\u00e3o Paulo.<\/span><\/li>\n<li>2015 <span style=\"font-weight: 400;\">\u2014 \u201cTempo, Espa\u00e7o: Lugares\u201d \u2013 Museu de Arte Contempor\u00e2nea de Campinas, Campinas SP &#8211; edital.<\/span><\/li>\n<li>2013 <span style=\"font-weight: 400;\">\u2014 Museu de Arte de Ribeir\u00e3o Preto, SP &#8211; programa de sele\u00e7\u00e3o de artistas &#8211; edital.<\/span><\/li>\n<li>2013 <span style=\"font-weight: 400;\">\u2014 45o sal\u00e3o de arte contempor\u00e2nea de Piracicaba, Pinacoteca Miguel Dutra, Piracicaba, SP.<\/span><\/li>\n<li>2013 <span style=\"font-weight: 400;\">\u2014 Exposi\u00e7\u00e3o do Sesc Pomp\u00e9ia SP &#8211; \u201cO atelier de gravura do SESC Pomp\u00e9ia\u201d- coordena\u00e7\u00e3o Evandro Carlos Jardim .<\/span><\/li>\n<li>2013\u00a0<span style=\"font-weight: 400;\">\u2014 Exposi\u00e7\u00e3o \u201cEspa\u00e7o Entre\u201d &#8211; Galeria Espa\u00e7o Ophicina, SP.<\/span><\/li>\n<li>2012 <span style=\"font-weight: 400;\">\u2014 Ritos Baldios, Pa\u00e7os das Artes, S\u00e3o Paulo SP. Projeto organizado por Lynn Carone, Jo\u00e3o Carlos de Souza, Julieta Machado, Mauro de Souza, F\u00falvia Molina, Hugo Forte e Sissi Fonseca, com a presen\u00e7a de mais de 30 artistas convidados.<\/span><\/li>\n<li>2012 <span style=\"font-weight: 400;\">\u2014 Exposi\u00e7\u00e3o \u201cA Casa\u201d, espa\u00e7o cultural Casa Contempor\u00e2nea, S\u00e3o Paulo\/SP.<\/span><\/li>\n<li>2012 <span style=\"font-weight: 400;\">\u2014 Mapas de Influ\u00eancias &#8211; caixas de gravuras &#8211; exposi\u00e7\u00e3o Oficina Cultural Oswald de Andrade.<\/span><\/li>\n<li>2011 <span style=\"font-weight: 400;\">\u2014 Exposi\u00e7\u00e3o \u201cDeslocamentos\u201d, Galeria de Arte Fernanda Perracini Milani\/Teatro Polytheama, Jundia\u00ed, S\u00e3o Paulo SP &#8211; Edital.<\/span><\/li>\n<li>2010 <span style=\"font-weight: 400;\"><span style=\"font-weight: 400;\">\u2014 <\/span><\/span>Luzes e Sombras arte sobre papel \u2013 Galeria Parque da \u00e1gua branca, S\u00e3o Paulo, SP.<\/li>\n<li>2009 <span style=\"font-weight: 400;\">\u2014 A Linha revelada &#8211; Galeria Polytheama &#8211; Jundia-SP &#8211; coletiva de gravuristas organizada por Evandro Carlos Jardim.<\/span><\/li>\n<li>2009 <span style=\"font-weight: 400;\">\u2014 Paisagens Gr\u00e1ficas &#8211; Museu Florestas Oct\u00e1vio Vecchi \u2013 SP &#8211; Exposi\u00e7\u00e3o coletiva dos gravuristas com curadoria de Evandro Carlos Jardim.<\/span><\/li>\n<li>2008 <span style=\"font-weight: 400;\">\u2014 Projeto Mananciais\u201d-SP organizado pelo fot\u00f3grafo Ed Viggiani &#8211; registros fotogr\u00e1ficos dos mananciais de S\u00e3o Paulo.<\/span><\/li>\n<li>2007 <span style=\"font-weight: 400;\">\u2014 \u00cdndice &#8211; SP &#8211; Ciclo de 3 exposi\u00e7\u00f5es realizada pelo grupo Atelier das quatro &#8211; curadoria de Juliana Monachesi- Museu Centro Hist\u00f3rico Mackenzie &#8211; Atelier 397 &#8211; Espa\u00e7o Ophicina-2006.<\/span><\/li>\n<li>2006 <span style=\"font-weight: 400;\">\u2014 6o Sal\u00e3o de artes do SESC \u2013 Amap\u00e1, PAR\u00c1-2005. Atelier do Centro \u2013 SP-2003. Projeto Linha Imagin\u00e1ria.<\/span><\/li>\n<li>2005 <span style=\"font-weight: 400;\">\u2014 Atelier do Centro \u2013 SP &#8211;<b>\u00a0<\/b>Exposi\u00e7\u00e3o coletiva com a participa\u00e7\u00e3o dos artistas Carol Sailer, T\u00e2mara Andrade, Rubens Esp\u00edrito Santos, Lynn Carone.<\/span><\/li>\n<li>2003 <span style=\"font-weight: 400;\">\u2014<\/span> <span style=\"font-weight: 400;\">\u201cEspa\u00e7o Comum\u201d (coletivo de 6 artistas) &#8211; em Ribeir\u00e3o Preto &#8211; edital MARP.<\/span><\/li>\n<li>2003 <span style=\"font-weight: 400;\">\u2014 \u201cEspa\u00e7o Comum\u201d (coletivo de 6 artistas) &#8211; Belo horizonte\u00a0 galerias da UFMG &#8211; edital<\/span><\/li>\n<li>2000 <span style=\"font-weight: 400;\">\u2014 Exposi\u00e7\u00e3o \u201cEm Obra\u201d &#8211; Projeto Pa\u00e7o das Artes &#8211; USP &#8211; S\u00e3o Paulo, SP<\/span><\/li>\n<li>2000 <span style=\"font-weight: 400;\">\u2014 Projeto \u201cJ\u00falio\u201d- MAC de Curitiba, PARAN\u00c1 e Projeto \u201cJ\u00falio\u201d &#8211; Esta\u00e7\u00e3o J\u00falio Prestes &#8211; Secretaria da Cultura, S\u00e3o Paulo, SP<\/span><\/li>\n<li>1999 <span style=\"font-weight: 400;\">\u2014 37o Sal\u00e3o de Arte Contempor\u00e2nea de Piracicaba, S\u00e3o Paulo, SP.<\/span><\/li>\n<li>1998 <span style=\"font-weight: 400;\">\u2014 Exposi\u00e7\u00e3o \u201cCICLOS\u201d &#8211; (6 instala\u00e7\u00f5es) \u2013 Espa\u00e7o Cultural Unibanco &#8211; S\u00e3o Paulo, SP e Espa\u00e7o Cultural Unibanco &#8211; Rio de Janeiro.<\/span><\/li>\n<\/ul>\n\n\n<p><\/p>\n","protected":false},"excerpt":{"rendered":"<p>Exposi\u00e7\u00f5es individuais 2019 \u2014 Exposi\u00e7\u00e3o \u201cCorrespond\u00eancias\u201d &#8211; Centro Cultural da C\u00e2mara dos deputados \u2013 Bras\u00edlia. 2019 \u2014 Exposi\u00e7\u00e3o &#8211; FAS &#8211; Funda\u00e7\u00e3o Alice Sailer \u2013&#8230;<\/p>\n<div class=\"more-link-wrapper\"><a class=\"more-link\" href=\"https:\/\/lynncarone.com\/home\/exposicoes\/\">Continuar Lendo<span class=\"screen-reader-text\">Exposi\u00e7\u00f5es<\/span><\/a><\/div>\n","protected":false},"author":2,"featured_media":0,"parent":0,"menu_order":0,"comment_status":"closed","ping_status":"closed","template":"","meta":[],"yoast_head":"<!-- This site is optimized with the Yoast SEO plugin v19.0 - https:\/\/yoast.com\/wordpress\/plugins\/seo\/ -->\n<title>Exposi\u00e7\u00f5es - Lynn Carone<\/title>\n<meta name=\"robots\" content=\"index, follow, max-snippet:-1, max-image-preview:large, max-video-preview:-1\" \/>\n<link rel=\"canonical\" href=\"https:\/\/lynncarone.com\/home\/exposicoes\/\" \/>\n<meta property=\"og:locale\" content=\"pt_BR\" \/>\n<meta property=\"og:type\" content=\"article\" \/>\n<meta property=\"og:title\" content=\"Exposi\u00e7\u00f5es - Lynn Carone\" \/>\n<meta property=\"og:description\" content=\"Exposi\u00e7\u00f5es individuais 2019 \u2014 Exposi\u00e7\u00e3o \u201cCorrespond\u00eancias\u201d &#8211; Centro Cultural da C\u00e2mara dos deputados \u2013 Bras\u00edlia. 2019 \u2014 Exposi\u00e7\u00e3o &#8211; FAS &#8211; Funda\u00e7\u00e3o Alice Sailer \u2013&#8230;\" \/>\n<meta property=\"og:url\" content=\"https:\/\/lynncarone.com\/home\/exposicoes\/\" \/>\n<meta property=\"og:site_name\" content=\"Lynn Carone\" \/>\n<meta property=\"article:modified_time\" content=\"2021-08-27T18:40:13+00:00\" \/>\n<meta name=\"twitter:card\" content=\"summary_large_image\" \/>\n<meta name=\"twitter:label1\" content=\"Est. tempo de leitura\" \/>\n\t<meta name=\"twitter:data1\" content=\"4 minutos\" \/>\n<script type=\"application\/ld+json\" class=\"yoast-schema-graph\">{\"@context\":\"https:\/\/schema.org\",\"@graph\":[{\"@type\":[\"Person\",\"Organization\"],\"@id\":\"https:\/\/lynncarone.com\/home\/#\/schema\/person\/62b358248c7f3728d47b3b8a4983b6cb\",\"name\":\"Lynn Carone\",\"image\":{\"@type\":\"ImageObject\",\"inLanguage\":\"pt-BR\",\"@id\":\"https:\/\/lynncarone.com\/home\/#\/schema\/person\/image\/\",\"url\":\"https:\/\/lynncarone.com\/wp-content\/uploads\/2021\/07\/56539157_2331523753751186_6152032844651692032_n.jpg\",\"contentUrl\":\"https:\/\/lynncarone.com\/wp-content\/uploads\/2021\/07\/56539157_2331523753751186_6152032844651692032_n.jpg\",\"width\":2048,\"height\":2047,\"caption\":\"Lynn Carone\"},\"logo\":{\"@id\":\"https:\/\/lynncarone.com\/home\/#\/schema\/person\/image\/\"}},{\"@type\":\"WebSite\",\"@id\":\"https:\/\/lynncarone.com\/home\/#website\",\"url\":\"https:\/\/lynncarone.com\/home\/\",\"name\":\"Lynn Carone\",\"description\":\"Site\",\"publisher\":{\"@id\":\"https:\/\/lynncarone.com\/home\/#\/schema\/person\/62b358248c7f3728d47b3b8a4983b6cb\"},\"potentialAction\":[{\"@type\":\"SearchAction\",\"target\":{\"@type\":\"EntryPoint\",\"urlTemplate\":\"https:\/\/lynncarone.com\/home\/?s={search_term_string}\"},\"query-input\":\"required name=search_term_string\"}],\"inLanguage\":\"pt-BR\"},{\"@type\":\"WebPage\",\"@id\":\"https:\/\/lynncarone.com\/home\/exposicoes\/#webpage\",\"url\":\"https:\/\/lynncarone.com\/home\/exposicoes\/\",\"name\":\"Exposi\u00e7\u00f5es - Lynn Carone\",\"isPartOf\":{\"@id\":\"https:\/\/lynncarone.com\/home\/#website\"},\"datePublished\":\"2019-06-14T04:10:35+00:00\",\"dateModified\":\"2021-08-27T18:40:13+00:00\",\"breadcrumb\":{\"@id\":\"https:\/\/lynncarone.com\/home\/exposicoes\/#breadcrumb\"},\"inLanguage\":\"pt-BR\",\"potentialAction\":[{\"@type\":\"ReadAction\",\"target\":[\"https:\/\/lynncarone.com\/home\/exposicoes\/\"]}]},{\"@type\":\"BreadcrumbList\",\"@id\":\"https:\/\/lynncarone.com\/home\/exposicoes\/#breadcrumb\",\"itemListElement\":[{\"@type\":\"ListItem\",\"position\":1,\"name\":\"Exposi\u00e7\u00f5es\"}]}]}<\/script>\n<!-- \/ Yoast SEO plugin. -->","yoast_head_json":{"title":"Exposi\u00e7\u00f5es - Lynn Carone","robots":{"index":"index","follow":"follow","max-snippet":"max-snippet:-1","max-image-preview":"max-image-preview:large","max-video-preview":"max-video-preview:-1"},"canonical":"https:\/\/lynncarone.com\/home\/exposicoes\/","og_locale":"pt_BR","og_type":"article","og_title":"Exposi\u00e7\u00f5es - Lynn Carone","og_description":"Exposi\u00e7\u00f5es individuais 2019 \u2014 Exposi\u00e7\u00e3o \u201cCorrespond\u00eancias\u201d &#8211; Centro Cultural da C\u00e2mara dos deputados \u2013 Bras\u00edlia. 2019 \u2014 Exposi\u00e7\u00e3o &#8211; FAS &#8211; Funda\u00e7\u00e3o Alice Sailer \u2013&#8230;","og_url":"https:\/\/lynncarone.com\/home\/exposicoes\/","og_site_name":"Lynn Carone","article_modified_time":"2021-08-27T18:40:13+00:00","twitter_card":"summary_large_image","twitter_misc":{"Est. tempo de leitura":"4 minutos"},"schema":{"@context":"https:\/\/schema.org","@graph":[{"@type":["Person","Organization"],"@id":"https:\/\/lynncarone.com\/home\/#\/schema\/person\/62b358248c7f3728d47b3b8a4983b6cb","name":"Lynn Carone","image":{"@type":"ImageObject","inLanguage":"pt-BR","@id":"https:\/\/lynncarone.com\/home\/#\/schema\/person\/image\/","url":"https:\/\/lynncarone.com\/wp-content\/uploads\/2021\/07\/56539157_2331523753751186_6152032844651692032_n.jpg","contentUrl":"https:\/\/lynncarone.com\/wp-content\/uploads\/2021\/07\/56539157_2331523753751186_6152032844651692032_n.jpg","width":2048,"height":2047,"caption":"Lynn Carone"},"logo":{"@id":"https:\/\/lynncarone.com\/home\/#\/schema\/person\/image\/"}},{"@type":"WebSite","@id":"https:\/\/lynncarone.com\/home\/#website","url":"https:\/\/lynncarone.com\/home\/","name":"Lynn Carone","description":"Site","publisher":{"@id":"https:\/\/lynncarone.com\/home\/#\/schema\/person\/62b358248c7f3728d47b3b8a4983b6cb"},"potentialAction":[{"@type":"SearchAction","target":{"@type":"EntryPoint","urlTemplate":"https:\/\/lynncarone.com\/home\/?s={search_term_string}"},"query-input":"required name=search_term_string"}],"inLanguage":"pt-BR"},{"@type":"WebPage","@id":"https:\/\/lynncarone.com\/home\/exposicoes\/#webpage","url":"https:\/\/lynncarone.com\/home\/exposicoes\/","name":"Exposi\u00e7\u00f5es - Lynn Carone","isPartOf":{"@id":"https:\/\/lynncarone.com\/home\/#website"},"datePublished":"2019-06-14T04:10:35+00:00","dateModified":"2021-08-27T18:40:13+00:00","breadcrumb":{"@id":"https:\/\/lynncarone.com\/home\/exposicoes\/#breadcrumb"},"inLanguage":"pt-BR","potentialAction":[{"@type":"ReadAction","target":["https:\/\/lynncarone.com\/home\/exposicoes\/"]}]},{"@type":"BreadcrumbList","@id":"https:\/\/lynncarone.com\/home\/exposicoes\/#breadcrumb","itemListElement":[{"@type":"ListItem","position":1,"name":"Exposi\u00e7\u00f5es"}]}]}},"_links":{"self":[{"href":"https:\/\/lynncarone.com\/home\/wp-json\/wp\/v2\/pages\/328"}],"collection":[{"href":"https:\/\/lynncarone.com\/home\/wp-json\/wp\/v2\/pages"}],"about":[{"href":"https:\/\/lynncarone.com\/home\/wp-json\/wp\/v2\/types\/page"}],"author":[{"embeddable":true,"href":"https:\/\/lynncarone.com\/home\/wp-json\/wp\/v2\/users\/2"}],"replies":[{"embeddable":true,"href":"https:\/\/lynncarone.com\/home\/wp-json\/wp\/v2\/comments?post=328"}],"version-history":[{"count":15,"href":"https:\/\/lynncarone.com\/home\/wp-json\/wp\/v2\/pages\/328\/revisions"}],"predecessor-version":[{"id":1246,"href":"https:\/\/lynncarone.com\/home\/wp-json\/wp\/v2\/pages\/328\/revisions\/1246"}],"wp:attachment":[{"href":"https:\/\/lynncarone.com\/home\/wp-json\/wp\/v2\/media?parent=328"}],"curies":[{"name":"wp","href":"https:\/\/api.w.org\/{rel}","templated":true}]}}