{"id":487,"date":"2019-07-26T01:55:19","date_gmt":"2019-07-26T04:55:19","guid":{"rendered":"http:\/\/lynncarone.com\/?page_id=487"},"modified":"2019-12-06T17:39:21","modified_gmt":"2019-12-06T20:39:21","slug":"criacao-de-joias","status":"publish","type":"page","link":"https:\/\/lynncarone.com\/home\/criacao-de-joias\/","title":{"rendered":"Cria\u00e7\u00e3o de J\u00f3ias"},"content":{"rendered":"<div class=\"vlp-link-container vlp-layout-basic\"><a href=\"http:\/\/lynncarone.com\/galeria\/joias-em-ouro\/\" class=\"vlp-link\" title=\"JOIAS EM OURO\" rel=\"nofollow\" target=\"_blank\"><\/a><div class=\"vlp-layout-zone-side\"><div class=\"vlp-block-2 vlp-link-image\"><img style=\"max-width: 150px;\" width=\"150\" height=\"133\" src=\"https:\/\/lynncarone.com\/wp-content\/uploads\/2019\/07\/anel-duplo-geod\u00e9sica-e-granada-ouro.jpg\" class=\"attachment-150x999 size-150x999\" alt=\"\" srcset=\"https:\/\/lynncarone.com\/wp-content\/uploads\/2019\/07\/anel-duplo-geod\u00e9sica-e-granada-ouro.jpg 3474w, https:\/\/lynncarone.com\/wp-content\/uploads\/2019\/07\/anel-duplo-geod\u00e9sica-e-granada-ouro-300x265.jpg 300w, https:\/\/lynncarone.com\/wp-content\/uploads\/2019\/07\/anel-duplo-geod\u00e9sica-e-granada-ouro-768x679.jpg 768w, https:\/\/lynncarone.com\/wp-content\/uploads\/2019\/07\/anel-duplo-geod\u00e9sica-e-granada-ouro-1024x906.jpg 1024w, https:\/\/lynncarone.com\/wp-content\/uploads\/2019\/07\/anel-duplo-geod\u00e9sica-e-granada-ouro-340x300.jpg 340w, https:\/\/lynncarone.com\/wp-content\/uploads\/2019\/07\/anel-duplo-geod\u00e9sica-e-granada-ouro-797x705.jpg 797w\" sizes=\"(max-width: 150px) 100vw, 150px\" \/><\/div><\/div><div class=\"vlp-layout-zone-main\"><div class=\"vlp-block-0 vlp-link-title\">JOIAS EM OURO<\/div><div class=\"vlp-block-1 vlp-link-summary\">GOLD JEWELRY<\/div><\/div><\/div>\n\n<div class=\"vlp-link-container vlp-layout-basic\"><a href=\"http:\/\/lynncarone.com\/galeria\/joias-em-prata\/\" class=\"vlp-link\" title=\"JOIAS EM PRATA\" rel=\"nofollow\" target=\"_blank\"><\/a><div class=\"vlp-layout-zone-side\"><div class=\"vlp-block-2 vlp-link-image\"><img style=\"max-width: 150px;\" width=\"150\" height=\"137\" src=\"https:\/\/lynncarone.com\/wp-content\/uploads\/2019\/07\/brinco-urbano-prata.jpg\" class=\"attachment-150x999 size-150x999\" alt=\"\" srcset=\"https:\/\/lynncarone.com\/wp-content\/uploads\/2019\/07\/brinco-urbano-prata.jpg 2795w, https:\/\/lynncarone.com\/wp-content\/uploads\/2019\/07\/brinco-urbano-prata-300x275.jpg 300w, https:\/\/lynncarone.com\/wp-content\/uploads\/2019\/07\/brinco-urbano-prata-768x703.jpg 768w, https:\/\/lynncarone.com\/wp-content\/uploads\/2019\/07\/brinco-urbano-prata-1024x938.jpg 1024w, https:\/\/lynncarone.com\/wp-content\/uploads\/2019\/07\/brinco-urbano-prata-770x705.jpg 770w\" sizes=\"(max-width: 150px) 100vw, 150px\" \/><\/div><\/div><div class=\"vlp-layout-zone-main\"><div class=\"vlp-block-0 vlp-link-title\">JOIAS EM PRATA<\/div><div class=\"vlp-block-1 vlp-link-summary\">SILVER JEWELRY<\/div><\/div><\/div>\n\n<div class=\"vlp-link-container vlp-layout-basic\"><a href=\"http:\/\/lynncarone.com\/galeria\/joias-em-prata-e-cobre\/\" class=\"vlp-link\" title=\"JOIAS EM PRATA E COBRE\" rel=\"nofollow\" target=\"_blank\"><\/a><div class=\"vlp-layout-zone-side\"><div class=\"vlp-block-2 vlp-link-image\"><img style=\"max-width: 150px;\" width=\"150\" height=\"139\" src=\"https:\/\/lynncarone.com\/wp-content\/uploads\/2019\/07\/brincos-m\u00f3dulos-org\u00e2nicos-prata-e-cobre.jpg\" class=\"attachment-150x999 size-150x999\" alt=\"\" srcset=\"https:\/\/lynncarone.com\/wp-content\/uploads\/2019\/07\/brincos-m\u00f3dulos-org\u00e2nicos-prata-e-cobre.jpg 2642w, https:\/\/lynncarone.com\/wp-content\/uploads\/2019\/07\/brincos-m\u00f3dulos-org\u00e2nicos-prata-e-cobre-300x278.jpg 300w, https:\/\/lynncarone.com\/wp-content\/uploads\/2019\/07\/brincos-m\u00f3dulos-org\u00e2nicos-prata-e-cobre-768x712.jpg 768w, https:\/\/lynncarone.com\/wp-content\/uploads\/2019\/07\/brincos-m\u00f3dulos-org\u00e2nicos-prata-e-cobre-1024x949.jpg 1024w, https:\/\/lynncarone.com\/wp-content\/uploads\/2019\/07\/brincos-m\u00f3dulos-org\u00e2nicos-prata-e-cobre-761x705.jpg 761w\" sizes=\"(max-width: 150px) 100vw, 150px\" \/><\/div><\/div><div class=\"vlp-layout-zone-main\"><div class=\"vlp-block-0 vlp-link-title\">JOIAS EM PRATA E COBRE<\/div><div class=\"vlp-block-1 vlp-link-summary\">SILVER AND COOPER JEWELRY<\/div><\/div><\/div>","protected":false},"excerpt":{"rendered":"","protected":false},"author":2,"featured_media":0,"parent":0,"menu_order":0,"comment_status":"closed","ping_status":"closed","template":"","meta":[],"yoast_head":"<!-- This site is optimized with the Yoast SEO plugin v19.0 - https:\/\/yoast.com\/wordpress\/plugins\/seo\/ -->\n<title>Cria\u00e7\u00e3o de J\u00f3ias - Lynn Carone<\/title>\n<meta name=\"robots\" content=\"index, follow, max-snippet:-1, max-image-preview:large, max-video-preview:-1\" \/>\n<link rel=\"canonical\" href=\"https:\/\/lynncarone.com\/home\/criacao-de-joias\/\" \/>\n<meta property=\"og:locale\" content=\"pt_BR\" \/>\n<meta property=\"og:type\" content=\"article\" \/>\n<meta property=\"og:title\" content=\"Cria\u00e7\u00e3o de J\u00f3ias - Lynn Carone\" \/>\n<meta property=\"og:url\" content=\"https:\/\/lynncarone.com\/home\/criacao-de-joias\/\" \/>\n<meta property=\"og:site_name\" content=\"Lynn Carone\" \/>\n<meta property=\"article:modified_time\" content=\"2019-12-06T20:39:21+00:00\" \/>\n<meta property=\"og:image\" content=\"http:\/\/lynncarone.com\/wp-content\/uploads\/2019\/07\/anel-duplo-geod\u00e9sica-e-granada-ouro.jpg\" \/>\n<meta name=\"twitter:card\" content=\"summary_large_image\" \/>\n<script type=\"application\/ld+json\" class=\"yoast-schema-graph\">{\"@context\":\"https:\/\/schema.org\",\"@graph\":[{\"@type\":[\"Person\",\"Organization\"],\"@id\":\"https:\/\/lynncarone.com\/home\/#\/schema\/person\/62b358248c7f3728d47b3b8a4983b6cb\",\"name\":\"Lynn Carone\",\"image\":{\"@type\":\"ImageObject\",\"inLanguage\":\"pt-BR\",\"@id\":\"https:\/\/lynncarone.com\/home\/#\/schema\/person\/image\/\",\"url\":\"https:\/\/lynncarone.com\/wp-content\/uploads\/2021\/07\/56539157_2331523753751186_6152032844651692032_n.jpg\",\"contentUrl\":\"https:\/\/lynncarone.com\/wp-content\/uploads\/2021\/07\/56539157_2331523753751186_6152032844651692032_n.jpg\",\"width\":2048,\"height\":2047,\"caption\":\"Lynn Carone\"},\"logo\":{\"@id\":\"https:\/\/lynncarone.com\/home\/#\/schema\/person\/image\/\"}},{\"@type\":\"WebSite\",\"@id\":\"https:\/\/lynncarone.com\/home\/#website\",\"url\":\"https:\/\/lynncarone.com\/home\/\",\"name\":\"Lynn Carone\",\"description\":\"Site\",\"publisher\":{\"@id\":\"https:\/\/lynncarone.com\/home\/#\/schema\/person\/62b358248c7f3728d47b3b8a4983b6cb\"},\"potentialAction\":[{\"@type\":\"SearchAction\",\"target\":{\"@type\":\"EntryPoint\",\"urlTemplate\":\"https:\/\/lynncarone.com\/home\/?s={search_term_string}\"},\"query-input\":\"required name=search_term_string\"}],\"inLanguage\":\"pt-BR\"},{\"@type\":\"ImageObject\",\"inLanguage\":\"pt-BR\",\"@id\":\"https:\/\/lynncarone.com\/home\/criacao-de-joias\/#primaryimage\",\"url\":\"http:\/\/lynncarone.com\/wp-content\/uploads\/2019\/07\/brinco-urbano-prata.jpg\",\"contentUrl\":\"http:\/\/lynncarone.com\/wp-content\/uploads\/2019\/07\/brinco-urbano-prata.jpg\"},{\"@type\":\"WebPage\",\"@id\":\"https:\/\/lynncarone.com\/home\/criacao-de-joias\/#webpage\",\"url\":\"https:\/\/lynncarone.com\/home\/criacao-de-joias\/\",\"name\":\"Cria\u00e7\u00e3o de J\u00f3ias - Lynn Carone\",\"isPartOf\":{\"@id\":\"https:\/\/lynncarone.com\/home\/#website\"},\"primaryImageOfPage\":{\"@id\":\"https:\/\/lynncarone.com\/home\/criacao-de-joias\/#primaryimage\"},\"datePublished\":\"2019-07-26T04:55:19+00:00\",\"dateModified\":\"2019-12-06T20:39:21+00:00\",\"breadcrumb\":{\"@id\":\"https:\/\/lynncarone.com\/home\/criacao-de-joias\/#breadcrumb\"},\"inLanguage\":\"pt-BR\",\"potentialAction\":[{\"@type\":\"ReadAction\",\"target\":[\"https:\/\/lynncarone.com\/home\/criacao-de-joias\/\"]}]},{\"@type\":\"BreadcrumbList\",\"@id\":\"https:\/\/lynncarone.com\/home\/criacao-de-joias\/#breadcrumb\",\"itemListElement\":[{\"@type\":\"ListItem\",\"position\":1,\"name\":\"Cria\u00e7\u00e3o de J\u00f3ias\"}]}]}<\/script>\n<!-- \/ Yoast SEO plugin. -->","yoast_head_json":{"title":"Cria\u00e7\u00e3o de J\u00f3ias - Lynn Carone","robots":{"index":"index","follow":"follow","max-snippet":"max-snippet:-1","max-image-preview":"max-image-preview:large","max-video-preview":"max-video-preview:-1"},"canonical":"https:\/\/lynncarone.com\/home\/criacao-de-joias\/","og_locale":"pt_BR","og_type":"article","og_title":"Cria\u00e7\u00e3o de J\u00f3ias - Lynn Carone","og_url":"https:\/\/lynncarone.com\/home\/criacao-de-joias\/","og_site_name":"Lynn Carone","article_modified_time":"2019-12-06T20:39:21+00:00","og_image":[{"url":"http:\/\/lynncarone.com\/wp-content\/uploads\/2019\/07\/anel-duplo-geod\u00e9sica-e-granada-ouro.jpg"}],"twitter_card":"summary_large_image","schema":{"@context":"https:\/\/schema.org","@graph":[{"@type":["Person","Organization"],"@id":"https:\/\/lynncarone.com\/home\/#\/schema\/person\/62b358248c7f3728d47b3b8a4983b6cb","name":"Lynn Carone","image":{"@type":"ImageObject","inLanguage":"pt-BR","@id":"https:\/\/lynncarone.com\/home\/#\/schema\/person\/image\/","url":"https:\/\/lynncarone.com\/wp-content\/uploads\/2021\/07\/56539157_2331523753751186_6152032844651692032_n.jpg","contentUrl":"https:\/\/lynncarone.com\/wp-content\/uploads\/2021\/07\/56539157_2331523753751186_6152032844651692032_n.jpg","width":2048,"height":2047,"caption":"Lynn Carone"},"logo":{"@id":"https:\/\/lynncarone.com\/home\/#\/schema\/person\/image\/"}},{"@type":"WebSite","@id":"https:\/\/lynncarone.com\/home\/#website","url":"https:\/\/lynncarone.com\/home\/","name":"Lynn Carone","description":"Site","publisher":{"@id":"https:\/\/lynncarone.com\/home\/#\/schema\/person\/62b358248c7f3728d47b3b8a4983b6cb"},"potentialAction":[{"@type":"SearchAction","target":{"@type":"EntryPoint","urlTemplate":"https:\/\/lynncarone.com\/home\/?s={search_term_string}"},"query-input":"required name=search_term_string"}],"inLanguage":"pt-BR"},{"@type":"ImageObject","inLanguage":"pt-BR","@id":"https:\/\/lynncarone.com\/home\/criacao-de-joias\/#primaryimage","url":"http:\/\/lynncarone.com\/wp-content\/uploads\/2019\/07\/brinco-urbano-prata.jpg","contentUrl":"http:\/\/lynncarone.com\/wp-content\/uploads\/2019\/07\/brinco-urbano-prata.jpg"},{"@type":"WebPage","@id":"https:\/\/lynncarone.com\/home\/criacao-de-joias\/#webpage","url":"https:\/\/lynncarone.com\/home\/criacao-de-joias\/","name":"Cria\u00e7\u00e3o de J\u00f3ias - Lynn Carone","isPartOf":{"@id":"https:\/\/lynncarone.com\/home\/#website"},"primaryImageOfPage":{"@id":"https:\/\/lynncarone.com\/home\/criacao-de-joias\/#primaryimage"},"datePublished":"2019-07-26T04:55:19+00:00","dateModified":"2019-12-06T20:39:21+00:00","breadcrumb":{"@id":"https:\/\/lynncarone.com\/home\/criacao-de-joias\/#breadcrumb"},"inLanguage":"pt-BR","potentialAction":[{"@type":"ReadAction","target":["https:\/\/lynncarone.com\/home\/criacao-de-joias\/"]}]},{"@type":"BreadcrumbList","@id":"https:\/\/lynncarone.com\/home\/criacao-de-joias\/#breadcrumb","itemListElement":[{"@type":"ListItem","position":1,"name":"Cria\u00e7\u00e3o de J\u00f3ias"}]}]}},"_links":{"self":[{"href":"https:\/\/lynncarone.com\/home\/wp-json\/wp\/v2\/pages\/487"}],"collection":[{"href":"https:\/\/lynncarone.com\/home\/wp-json\/wp\/v2\/pages"}],"about":[{"href":"https:\/\/lynncarone.com\/home\/wp-json\/wp\/v2\/types\/page"}],"author":[{"embeddable":true,"href":"https:\/\/lynncarone.com\/home\/wp-json\/wp\/v2\/users\/2"}],"replies":[{"embeddable":true,"href":"https:\/\/lynncarone.com\/home\/wp-json\/wp\/v2\/comments?post=487"}],"version-history":[{"count":13,"href":"https:\/\/lynncarone.com\/home\/wp-json\/wp\/v2\/pages\/487\/revisions"}],"predecessor-version":[{"id":1132,"href":"https:\/\/lynncarone.com\/home\/wp-json\/wp\/v2\/pages\/487\/revisions\/1132"}],"wp:attachment":[{"href":"https:\/\/lynncarone.com\/home\/wp-json\/wp\/v2\/media?parent=487"}],"curies":[{"name":"wp","href":"https:\/\/api.w.org\/{rel}","templated":true}]}}